{"id":103,"date":"2017-04-04T13:27:33","date_gmt":"2017-04-04T10:27:33","guid":{"rendered":"http:\/\/kogital.com\/clients\/estetikhouse\/?page_id=103"},"modified":"2017-06-11T21:24:43","modified_gmt":"2017-06-11T18:24:43","slug":"akne-tedavisi","status":"publish","type":"page","link":"https:\/\/www.estetikhouse.com\/ar\/uygulamalar\/klinik-cilt-bakim\/akne-tedavisi\/","title":{"rendered":"Akne Tedavisi"},"content":{"rendered":"<p>Akne tedavisi; Akne derimizde bulunan ya\u011f bezlerinin bir hastal\u0131\u011f\u0131d\u0131r, normalde bu bezlerin salg\u0131lad\u0131\u011f\u0131 ya\u011f\u0131n deri y\u00fczeyine \u00e7\u0131karak at\u0131lmas\u0131 gerekir. Ancak ergenlik d\u00f6neminde ya\u011f bezi daha fazla ya\u011f salg\u0131lar, bu ya\u011f\u0131n deri y\u00fczeyine ge\u00e7i\u015fini sa\u011flayan kanal yo\u011funla\u015fm\u0131\u015f bir ya\u011f k\u00fctlesi nedeniyle t\u0131kan\u0131r. Aknenin temel nedeni bu t\u0131kanmad\u0131r.<\/p>\n<p>Bu t\u0131ka\u00e7 do\u011fal bir boya nedeniyle (kirden de\u011fil!) siyahla\u015f\u0131r ve cildimizde zaman zaman g\u00f6rd\u00fc\u011f\u00fcm\u00fcz ve s\u0131kmaya \u00e7al\u0131\u015ft\u0131\u011f\u0131m\u0131z siyah noktalar olu\u015fur. Ancak tek neden bu de\u011fildir.<\/p>\n<p>Derimizde ne kadar temizlesek de bir\u00e7ok bakteri bulunur. Bu bakteriler ya\u011f bezlerinin t\u0131kal\u0131 olan kanallar\u0131ndan i\u00e7eri girerek hem varl\u0131klar\u0131yla hem de ortaya \u00e7\u0131kard\u0131klar\u0131 birtak\u0131m kimyasal maddeler nedeniyle t\u0131kanm\u0131\u015f olan ya\u011f bezinde iltihaba (enflamasyon) yol a\u00e7arlar.<\/p>\n<h2>Kimde ve Neden Olu\u015fur?<\/h2>\n<p>12-17 ya\u015f grubundaki hemen hemen herkes, \u0131rktan ve etnik \u00f6zelliklerden ba\u011f\u0131ms\u0131z olarak akne problemi ya\u015fayabilir. Bu ki\u015filerin \u00e7o\u011fu basit tedavilerle akne probleminden kurtulabilirken, daha ciddi durumdakiler uzun s\u00fcreli tedavi g\u00f6rmelidirler. Ergenlik d\u00f6nemindeki gen\u00e7lerin neredeyse %40\u2019\u0131 akne sorunlar\u0131 i\u00e7in bir dermatolog yard\u0131m\u0131na ihtiya\u00e7 duyacak kadar ciddi sorunlar ya\u015famaktad\u0131r.<br \/>\n Pek \u00e7ok ki\u015fide akne sorunu 10-13 ya\u015flar\u0131 aras\u0131nda ortaya \u00e7\u0131kar. Genelde 5-10 y\u0131l s\u00fcrer ve 20\u2019li ya\u015flar\u0131n ba\u015flar\u0131nda ge\u00e7er. Buna ra\u011fmen aknenin 20\u2019li ve 30\u2019lu ya\u015flarda da devam etti\u011fi, hatta ergenlik d\u00f6neminde akne sorunu ya\u015famayan ki\u015filerde yeti\u015fkinlikte akne problemi ya\u015fand\u0131\u011f\u0131 da g\u00f6r\u00fclmektedir.<\/p>\n<p>Akne lezyonlar\u0131 en \u00e7ok y\u00fczde olu\u015fur ama ayn\u0131 zamanda boyun, \u00e7ene, s\u0131rt, omuz, kafa derisi, olan kist ve nod\u00fcllerin cildinizde iz b\u0131rakmas\u0131n\u0131 \u00f6nlemektir. \u00c7\u00fcnk\u00fc izler ortaya \u00e7\u0131kt\u0131ktan sonra cildi p\u00fcr\u00fczs\u00fcz bir hale getirmek olduk\u00e7a zordur.<br \/>\n \u0130kinci \u00f6nemli ama\u00e7 akneli olarak ge\u00e7irdi\u011finiz s\u00fcreyi (bu s\u00fcre baz\u0131 olgularda 10 y\u0131ldan \u00e7ok daha uzun olabilir) k\u0131saltmakt\u0131r.<br \/>\n \u00dc\u00e7\u00fcnc\u00fc \u00f6nemli ama\u00e7 ise aknenin neden oldu\u011fu ho\u015f olmayan g\u00f6r\u00fcnt\u00fcden dolay\u0131 olu\u015fabilecek s\u0131k\u0131nt\u0131y\u0131 ve olas\u0131 psikolojik sorunlar\u0131 ortadan kald\u0131rmakt\u0131r.<\/p>\n<h2>Akne nas\u0131l tedavi edilir?<\/h2>\n<p>Akne, ister hafif ister ciddi olsun dermatolo\u011funuzun yard\u0131m\u0131yla kontroll\u00fc ve g\u00fcvenli bi\u00e7imde tedavi edilebilir. Ancak farkl\u0131 t\u00fcrde ve farkl\u0131 ciddiyet derecesindeki akneler i\u00e7in de\u011fi\u015fik tedavi se\u00e7enekleri vard\u0131r.<br \/>\n Dermatolo\u011funuzun \u00f6nerilerine uyman\u0131z ve tedaviyi bilin\u00e7li bir \u015fekilde ve aksatmadan s\u00fcrd\u00fcrmeniz gerekmektedir.<\/p>\n<h2>\u0130la\u00e7 Tedavisi<\/h2>\n<p>Re\u00e7eteli ila\u00e7lar mutlaka bir dermatolog taraf\u0131ndan yaz\u0131lmal\u0131d\u0131r. Unutmay\u0131n ki; en etkili tedavi bile aylar boyunca s\u00fcrebilir. Akneden \u015fikayet\u00e7i olanlar\u0131n %92\u2019si tedavi ba\u015flad\u0131ktan sonra alt\u0131 ay i\u00e7inde %80 iyile\u015fme kaydederler. ila\u00e7l\u0131 akne tedavisi, tekrarlanan k\u00fcrler nedeniyle uzayabilir. Bu konuda sab\u0131rl\u0131 olman\u0131z gerekmektedir.<\/p>\n<p>1) Deriye y\u00fczeysel olarak uygulanan (topikal) tedavi alternatifleri:<br \/>\n Ergenlik d\u00f6neminde g\u00f6r\u00fclen akneler (fizyolojik akne) genellikle topikal tedaviye iyi etkisi daha s\u0131n\u0131rl\u0131d\u0131r.<br \/>\n Topikal retinoid ila\u00e7lar:Soyucu etkileri vard\u0131r. G\u00f6zeneklerin dolmas\u0131n\u0131 engelleyerek akneleri kontrol alt\u0131na al\u0131rlar. Benzol peroksit ve a\u011f\u0131zdan al\u0131nan antibiyotiklerle birlikte kullan\u0131labilirler. Bu konuda dermatolo\u011funuzun \u00f6nerilerini dikkatle uygulamaya \u00f6zen g\u00f6sterin.<\/p>\n<p>2) A\u011f\u0131zdan kullan\u0131lan ila\u00e7lar:<br \/>\n A\u011f\u0131zdan ila\u00e7 kullan\u0131m\u0131 orta derecede ve \u015fiddetli aknesi olan hastalar i\u00e7in \u00f6nerilmektedir. Bu t\u00fcr ila\u00e7lar s\u0131kl\u0131kla topikal tedavi ile birlikte kullan\u0131ld\u0131\u011f\u0131nda daha iyi sonu\u00e7 verir.<\/p>\n<p>Oral antibiyotikler:Topikal tedavinin yeterli olamad\u0131\u011f\u0131 durumlarda topikal tedavi ile birlikte veya yaln\u0131z ba\u015f\u0131na oral antibiyotik tedavisi uygulanabilir. Antibiyotik tedavisi akne olu\u015fumunda rol\u00fc olan bakterilerin (P. Acnes) say\u0131s\u0131n\u0131 azalt\u0131r ve bu bakteriler nedeniyle olu\u015fan iltihaplanmay\u0131 ortadan kald\u0131r\u0131r.<\/p>\n<p>Oral kontraseptifler (A\u011f\u0131zdan kullan\u0131lan do\u011fum kontrol ila\u00e7lar\u0131): Ya\u011f bezleri k\u0131smen seks hormonlar\u0131n\u0131n kontrol\u00fcndedir; bu nedenle akne genellikle ergenlik d\u00f6neminde ortaya \u00e7\u0131kar. Hormonlar ergenlik d\u00f6neminde hem gen\u00e7 k\u0131zlarda hem de gen\u00e7 erkeklerde daha fazla miktarda \u00fcretilir. Hormonal tedavide ama\u00e7 v\u00fccudun bu hormonlar\u0131 salg\u0131lamas\u0131n\u0131 kontrol alt\u0131na almakt\u0131r. Bu ila\u00e7lar\u0131n kullan\u0131m\u0131 ile ilgili karar\u0131 mutlaka hekiminiz vermelidir. Yaln\u0131zca bayanlar i\u00e7in kollar ve bacaklar\u0131n \u00fcst k\u0131sm\u0131nda da g\u00f6r\u00fclebilir.<br \/>\n Ergenlik d\u00f6neminde g\u00f6r\u00fclen aknelerin sebebi, ki\u015filerin \u00e7ocukluktan gen\u00e7li\u011fe ge\u00e7i\u015f d\u00f6neminde ya\u015fad\u0131klar\u0131 de\u011fi\u015fikliklerdir. Fiziksel olgunlu\u011fu sa\u011flayan hormonlar, ya\u011f bezlerinin daha \u00e7ok sebum \u00fcretmesine neden olurlar.<\/p>\n<p>Ya\u011f bezleri \u00fczerinde en \u00e7ok etkili olan hormon androjen hormonudur. Erkeklik hormonu olan androjen, kad\u0131nlarda da bir miktar bulunur.<br \/>\n Ya\u011f bezleri, i\u00e7inden bir k\u0131l\u0131n b\u00fcy\u00fcd\u00fc\u011f\u00fc k\u0131l folik\u00fcllerinde bulunurlar. Ergenlik d\u00f6neminde folik\u00fcl\u00fcn etraf\u0131nda bulunan h\u00fccreler daha s\u0131k d\u00f6k\u00fcl\u00fcrler. Akneli ki\u015filerde, akneli olmayan ki\u015filere g\u00f6re h\u00fccreler daha \u00e7ok d\u00f6k\u00fcl\u00fcr ve birbirine yap\u0131\u015f\u0131r. D\u00f6k\u00fclen h\u00fccreler sebumla kar\u0131\u015f\u0131p birbirine yap\u0131\u015ft\u0131\u011f\u0131nda, folik\u00fcl\u00fcn a\u011fz\u0131n\u0131 t\u0131kamaktad\u0131r. Bu esnada ya\u011f bezleri sebum \u00fcretmeye devam etmekte ve folik\u00fcller sebumla dolmaktad\u0131r.<\/p>\n<p>Buna ek olarak, ciltte ya\u015fayan bir bakteri olan P.acnes, kapal\u0131 k\u0131l folik\u00fcllerinde, daha kolay ve h\u0131zl\u0131 bir \u015fekilde \u00e7o\u011falmaya ba\u015flar. Bu bakteri ciltte inflamasyona neden olan tahri\u015fler yarat\u0131r; bazen folik\u00fcl\u00fcn duvar\u0131 patlayarak enfeksiyon cilde yay\u0131l\u0131r. Akne lezyonlar\u0131n\u0131n siyah nokta lardan, sivilcelere, onlar\u0131n da nod\u00fcllere d\u00f6n\u00fc\u015fmesi i\u015fte bu \u015feklide olmaktad\u0131r.<\/p>\n<h2>Akne Tedavisi Neden Gereklidir ?<\/h2>\n<p>Akne tedavisi ama\u00e7lar\u0131ndan birisi, iyile\u015fmekte yan\u0131t verirler. Ancak topikal tedavinin yan\u0131t vermedi\u011fi durumlarda a\u011f\u0131zdan ila\u00e7 tedavisi gerekli olacakt\u0131r.<\/p>\n<p>Benzol Peroksit (Benzoyl Peroxide):Benzol peroksit akneye neden olan P.Acnes bakterisini yok etmek i\u00e7in kullan\u0131l\u0131r. Sonu\u00e7 vermesi iki hafta kadar zaman al\u0131r ve uzun s\u00fcre d\u00fczenli olarak kullan\u0131lmas\u0131 gerekmektedir. Ya\u011f \u00fcretimini durdurmad\u0131\u011f\u0131 i\u00e7in kullan\u0131ma ara verildi\u011fi takdirde akneler tekrarlar. Pek \u00e7ok losyonda, kremde ve jelde bulunmaktad\u0131r. Daha hafif akne vakalar\u0131nda kullan\u0131lmas\u0131 tavsiye edilir.<br \/>\n Salicylic Acid (Salisilik Asit):Salisilik Asit ciltteki h\u00fccrelerin anormal olarak kuruyup d\u00f6k\u00fclmesine iyi gelmektedir. Ya\u011f \u00fcretimine ya da P.Acnes\u2019ye do\u011frudan bir etkisi yoktur. T\u0131pk\u0131 benzol peroksit gibi uzun s\u00fcreli ve d\u00fczenli olarak kullan\u0131m\u0131 gerekmektedir. Kullan\u0131m\u0131 b\u0131rakt\u0131ktan sonra akneler yine belirgin hale gelecektir. Piyasadaki pek \u00e7ok losyon ve kremin i\u00e7eri\u011finde bulunmaktad\u0131r.<br \/>\n Topikal antibiyotikler: P. acnes\u2019in \u00fcremesini durdurarak veya yava\u015flatarak enfeksiyonu engellemeye \u00e7al\u0131\u015f\u0131r. Doktorunuz size krem, jel ve losyon \u015feklindeki topikal antibiyotiklerden birini \u00f6nerebilir. Topikal antibiyotiklerin, a\u011f\u0131z yoluyla al\u0131nan antibiyotiklere g\u00f6re ge\u00e7erli olan bir tedavi se\u00e7ene\u011fidir.<\/p>\n<p>Oral retinoidler: Bu gruptaki ila\u00e7lardan izotretinoin akne tedavisinde \u00e7ok etkilidir ve yaln\u0131zca dermatologlar taraf\u0131ndan re\u00e7ete edilerek kullan\u0131labilirler. Di\u011fer tedavi y\u00f6ntemlerine cevap vermeyen ve \u015fiddetli aknesi olan ki\u015filerde ba\u015far\u0131 ile uygulanmaktad\u0131r. Ya\u011f bezlerinin ya\u011f \u00fcretimini \u00f6nemli \u00f6l\u00e7\u00fcde azalt\u0131r. Siyah ve beyaz noktalar\u0131n olu\u015fumunu engeller. Antibiyotik olmamas\u0131na ra\u011fmen bakteri say\u0131s\u0131n\u0131 ve enflamasyonu giderir. Kullan\u0131m s\u0131ras\u0131nda dermatolo\u011funuzun \u00f6neri ve uyar\u0131lar\u0131na dikkatle uymaya \u00f6zen g\u00f6sterin.<br \/>\n Temizleyiciler: Piyasada akneye iyi geldi\u011fi s\u00f6ylenen pek \u00e7ok sabun ve temizleyici \u00fcr\u00fcn bulabilirsiniz. Bu \u00fcr\u00fcnlerden \u00e7o\u011fu asl\u0131nda gereksizdir ve cilde ciddi zararlar verebilir.<\/p>\n","protected":false},"excerpt":{"rendered":"<p>Genel olarak \u2018sivilce\u2019 ad\u0131yla bildi\u011fimiz akne en s\u0131k rastlanan cilt problemidir. Her 100 yeti\u015fkinin 85\u2019inin hayat\u0131n\u0131n bir d\u00f6neminde ge\u00e7ip gider, 15\u2019inde ise tedavisi g\u00fc\u00e7 bir hal al\u0131r.<\/p>\n","protected":false},"author":2,"featured_media":601,"parent":23,"menu_order":0,"comment_status":"closed","ping_status":"closed","template":"","meta":{"footnotes":""},"_links":{"self":[{"href":"https:\/\/www.estetikhouse.com\/ar\/wp-json\/wp\/v2\/pages\/103"}],"collection":[{"href":"https:\/\/www.estetikhouse.com\/ar\/wp-json\/wp\/v2\/pages"}],"about":[{"href":"https:\/\/www.estetikhouse.com\/ar\/wp-json\/wp\/v2\/types\/page"}],"author":[{"embeddable":true,"href":"https:\/\/www.estetikhouse.com\/ar\/wp-json\/wp\/v2\/users\/2"}],"replies":[{"embeddable":true,"href":"https:\/\/www.estetikhouse.com\/ar\/wp-json\/wp\/v2\/comments?post=103"}],"version-history":[{"count":4,"href":"https:\/\/www.estetikhouse.com\/ar\/wp-json\/wp\/v2\/pages\/103\/revisions"}],"predecessor-version":[{"id":577,"href":"https:\/\/www.estetikhouse.com\/ar\/wp-json\/wp\/v2\/pages\/103\/revisions\/577"}],"up":[{"embeddable":true,"href":"https:\/\/www.estetikhouse.com\/ar\/wp-json\/wp\/v2\/pages\/23"}],"wp:featuredmedia":[{"embeddable":true,"href":"https:\/\/www.estetikhouse.com\/ar\/wp-json\/wp\/v2\/media\/601"}],"wp:attachment":[{"href":"https:\/\/www.estetikhouse.com\/ar\/wp-json\/wp\/v2\/media?parent=103"}],"curies":[{"name":"wp","href":"https:\/\/api.w.org\/{rel}","templated":true}]}}