{"id":107,"date":"2017-04-04T13:53:37","date_gmt":"2017-04-04T10:53:37","guid":{"rendered":"http:\/\/kogital.com\/clients\/estetikhouse\/?page_id=107"},"modified":"2017-07-08T13:07:31","modified_gmt":"2017-07-08T10:07:31","slug":"lazerle-cilt-yenileme","status":"publish","type":"page","link":"https:\/\/www.estetikhouse.com\/ar\/uygulamalar\/klinik-cilt-bakim\/lazerle-cilt-yenileme\/","title":{"rendered":"Lazerle Cilt Yenileme"},"content":{"rendered":"<p>Lazerle cilt yenileme; cilt alt\u0131nda bulunan ve cilde esnekli\u011fini, gerginli\u011fini kazand\u0131ran kollajen ve elastik lifler ultraviyole etkisiyle kalitesini yitirirler. B\u00f6ylece cildin gerginli\u011fi azal\u0131r, cilt yer \u00e7ekimine kar\u015f\u0131 verdi\u011fi sava\u015f\u0131 kaybeder ve zamanla ciltte sarkma meydana gelir.<\/p>\n<p>Fotorejuvenasyon, genel deri g\u00f6r\u00fcn\u00fcm\u00fcn\u00fcn iyile\u015ftirilmesinde etkili olabilir. Fotorejuvenasyon, filtre edilmi\u015f \u0131\u015f\u0131k kullanarak deri alt\u0131ndaki melanin, hemoglobin ve kollajeni se\u00e7ici olarak hedefler. I\u015f\u0131n\u0131n verdi\u011fi \u0131s\u0131, etraf\u0131ndaki deriye herhangi bir zarar vermeden, se\u00e7ilmi\u015f olan dokuya etki eder. Farkl\u0131 deri cinslerinde, uygun filtreler ile dalga boylar\u0131 de\u011fi\u015ftirilerek tam istenilen derinli\u011fe eri\u015filebilir.<\/p>\n<p>Gerekli tedavi say\u0131s\u0131 problemin b\u00fcy\u00fckl\u00fc\u011f\u00fcne ba\u011fl\u0131 olarak de\u011fi\u015fir. Ya\u015fl\u0131 ya da g\u00fcne\u015f \u0131\u015f\u0131\u011f\u0131ndan zarar g\u00f6rm\u00fc\u015f olan deride, lezyonun tipine ba\u011fl\u0131 olarak ard\u0131\u015f\u0131k 3-6 seans gerekir. Tipik bir tedavi \u015femas\u0131, ba\u015flang\u0131\u00e7 tedavisini takiben 3 haftal\u0131k aral\u0131klarla 3-6 seanstan ibarettir. \u0130\u015flemin kal\u0131c\u0131l\u0131\u011f\u0131 i\u00e7in uygulaman\u0131n 2-3 y\u0131l arayla tekrarlanmas\u0131nda yarar vard\u0131r.<\/p>\n<p>Fotorejuvenasyon ile tam y\u00fcz tedavisi 20 dakikadan az zaman al\u0131r, her tedaviden sonra 2 \u2013 3 hafta i\u00e7erisinde belirgin bir d\u00fczelme g\u00f6r\u00fclebilir.<\/p>\n","protected":false},"excerpt":{"rendered":"<p>Cildi ultraviyole \u0131\u015f\u0131nlardan korumaya yarayan ve cilde rengini veren h\u00fccrelerdeki pigmentlerdir. A\u015f\u0131r\u0131 g\u00fcne\u015f ve y\u0131llar\u0131n etkisi ile bu pigmentler azal\u0131r, h\u00fccre say\u0131s\u0131ndaki azalma da cildin incelmesine sebep olabilir.<\/p>\n","protected":false},"author":2,"featured_media":636,"parent":23,"menu_order":0,"comment_status":"closed","ping_status":"closed","template":"","meta":{"footnotes":""},"_links":{"self":[{"href":"https:\/\/www.estetikhouse.com\/ar\/wp-json\/wp\/v2\/pages\/107"}],"collection":[{"href":"https:\/\/www.estetikhouse.com\/ar\/wp-json\/wp\/v2\/pages"}],"about":[{"href":"https:\/\/www.estetikhouse.com\/ar\/wp-json\/wp\/v2\/types\/page"}],"author":[{"embeddable":true,"href":"https:\/\/www.estetikhouse.com\/ar\/wp-json\/wp\/v2\/users\/2"}],"replies":[{"embeddable":true,"href":"https:\/\/www.estetikhouse.com\/ar\/wp-json\/wp\/v2\/comments?post=107"}],"version-history":[{"count":2,"href":"https:\/\/www.estetikhouse.com\/ar\/wp-json\/wp\/v2\/pages\/107\/revisions"}],"predecessor-version":[{"id":351,"href":"https:\/\/www.estetikhouse.com\/ar\/wp-json\/wp\/v2\/pages\/107\/revisions\/351"}],"up":[{"embeddable":true,"href":"https:\/\/www.estetikhouse.com\/ar\/wp-json\/wp\/v2\/pages\/23"}],"wp:featuredmedia":[{"embeddable":true,"href":"https:\/\/www.estetikhouse.com\/ar\/wp-json\/wp\/v2\/media\/636"}],"wp:attachment":[{"href":"https:\/\/www.estetikhouse.com\/ar\/wp-json\/wp\/v2\/media?parent=107"}],"curies":[{"name":"wp","href":"https:\/\/api.w.org\/{rel}","templated":true}]}}