{"id":17,"date":"2017-03-30T17:18:30","date_gmt":"2017-03-30T14:18:30","guid":{"rendered":"http:\/\/kogital.com\/clients\/estetikhouse\/?page_id=17"},"modified":"2017-06-12T15:05:36","modified_gmt":"2017-06-12T12:05:36","slug":"bolgese-incelme","status":"publish","type":"page","link":"https:\/\/www.estetikhouse.com\/ar\/uygulamalar\/bolgese-incelme\/","title":{"rendered":"B\u00f6lgesel \u0130ncelme"},"content":{"rendered":"","protected":false},"excerpt":{"rendered":"<p>Zay\u0131flama\/incelme\/s\u0131k\u0131la\u015fma\/sel\u00fclit uygulamalar\u0131 ile v\u00fcc\u00fcdunuzun formuna tekrar kavu\u015fmas\u0131n\u0131 sa\u011fl\u0131yoruz.<\/p>\n","protected":false},"author":1,"featured_media":593,"parent":8,"menu_order":3,"comment_status":"closed","ping_status":"closed","template":"page-parent.php","meta":{"footnotes":""},"_links":{"self":[{"href":"https:\/\/www.estetikhouse.com\/ar\/wp-json\/wp\/v2\/pages\/17"}],"collection":[{"href":"https:\/\/www.estetikhouse.com\/ar\/wp-json\/wp\/v2\/pages"}],"about":[{"href":"https:\/\/www.estetikhouse.com\/ar\/wp-json\/wp\/v2\/types\/page"}],"author":[{"embeddable":true,"href":"https:\/\/www.estetikhouse.com\/ar\/wp-json\/wp\/v2\/users\/1"}],"replies":[{"embeddable":true,"href":"https:\/\/www.estetikhouse.com\/ar\/wp-json\/wp\/v2\/comments?post=17"}],"version-history":[{"count":4,"href":"https:\/\/www.estetikhouse.com\/ar\/wp-json\/wp\/v2\/pages\/17\/revisions"}],"predecessor-version":[{"id":354,"href":"https:\/\/www.estetikhouse.com\/ar\/wp-json\/wp\/v2\/pages\/17\/revisions\/354"}],"up":[{"embeddable":true,"href":"https:\/\/www.estetikhouse.com\/ar\/wp-json\/wp\/v2\/pages\/8"}],"wp:featuredmedia":[{"embeddable":true,"href":"https:\/\/www.estetikhouse.com\/ar\/wp-json\/wp\/v2\/media\/593"}],"wp:attachment":[{"href":"https:\/\/www.estetikhouse.com\/ar\/wp-json\/wp\/v2\/media?parent=17"}],"curies":[{"name":"wp","href":"https:\/\/api.w.org\/{rel}","templated":true}]}}