{"id":345,"date":"2017-04-21T15:36:57","date_gmt":"2017-04-21T12:36:57","guid":{"rendered":"http:\/\/kogital.com\/clients\/estetikhouse\/?page_id=345"},"modified":"2017-06-09T16:53:36","modified_gmt":"2017-06-09T13:53:36","slug":"coax-radyofrekans","status":"publish","type":"page","link":"https:\/\/www.estetikhouse.com\/ar\/uygulamalar\/bolgese-incelme\/coax-radyofrekans\/","title":{"rendered":"COAX Radyofrekans"},"content":{"rendered":"<p>COAX Radyofrekans, ciltte kolajen sentezini tetiklerken, cilt alt\u0131 ya\u011f dokusu metabolizmas\u0131n\u0131 da h\u0131zland\u0131rarak b\u00f6lgesel incelme sa\u011flar. Bunun yan\u0131 s\u0131ra, sel\u00fclitin olu\u015fmas\u0131na neden olan fibr\u00f6z bantlara etki ederek sel\u00fclitli b\u00f6lgeyi s\u0131k\u0131la\u015ft\u0131r\u0131r.<\/p>\n<p>Tek ba\u015f\u0131na b\u00f6lgesel incelme i\u00e7in kullan\u0131labilen radyofrekans; kavitasyon, vakum terapi veya diyet program\u0131yla uyguland\u0131\u011f\u0131nda daha etkili sonu\u00e7lar verir.<\/p>\n<p>Hem kad\u0131n hem erkeklerin kullanabilece\u011fi bu y\u00f6ntemde ac\u0131 ve a\u011fr\u0131 hissedilmez. Uygulama s\u0131ras\u0131nda deri alt\u0131nda 60\u00b0C s\u0131cakl\u0131\u011fa ula\u015f\u0131lmas\u0131na ra\u011fmen, Coax Radyofrekans makinesinin so\u011futucusu sayesinde 40\u00b0C s\u0131cakl\u0131k hissedilir.<\/p>\n<p>Ki\u015finin durumuna g\u00f6re 4 ile 6 seans aras\u0131nda uygulanabilen bu y\u00f6ntemde her seans\u0131n aras\u0131 bir haftad\u0131r.<\/p>\n<p>Coax CRF\u2019in b\u00fct\u00fcn \u00f6zelliklerinin yan\u0131 s\u0131ra (Radyofrekans, Kavitasyonel Ultrasound, Vakum Endomasaj) yeni zay\u0131flama trendi teknolojisini de i\u00e7erisinde bar\u0131nd\u0131rarak tek cihazda kullan\u0131m\u0131n\u0131za sunmaktad\u0131r. 2 V\u00fccut ba\u015fl\u0131\u011f\u0131 ve 1 Y\u00fcz ba\u015fl\u0131\u011f\u0131 olmak \u00fczere 3 ba\u015fl\u0131\u011f\u0131 olan Coax, tam bir \u2018Zay\u0131flama ve V\u00fccut Gen\u00e7le\u015ftirme cihaz\u0131d\u0131r.<\/p>\n<p>Kullan\u0131m alanlar\u0131;<\/p>\n<ul>\n<li>Fazla ya\u011fl\u0131 b\u00f6lgelerde B\u00f6lgesel \u0130ncelme (Bel, Kar\u0131n, Bacak, Kol, Kal\u00e7a, vs.),<\/li>\n<li>Zay\u0131flama,<\/li>\n<li>Sel\u00fclit Giderme ve Azaltma,<\/li>\n<li>Cilt Gen\u00e7le\u015ftirme,<\/li>\n<li>K\u0131r\u0131\u015f\u0131kl\u0131k Uygulamalar\u0131,<\/li>\n<li>Sark\u0131k B\u00f6lgelerin Toparlanmas\u0131 ve\u00a0\u00d6nlenmesi.<\/li>\n<li>Ki\u015finin durumuna g\u00f6re 4-6 hafta d\u00fczenli uygulama ve destekleyici besin program\u0131yla istenilen sonu\u00e7lar elde edilir.<\/li>\n<\/ul>\n","protected":false},"excerpt":{"rendered":"<p>COAX Radyofrekans cilt gen\u00e7le\u015ftirme, sark\u0131klar\u0131n toparlanmas\u0131 ve k\u0131r\u0131\u015f\u0131kl\u0131klar\u0131n giderilmesinde kullan\u0131lan Coax Radyofrekans, b\u00f6lgesel incelme ve sel\u00fclit bak\u0131mlar\u0131 i\u00e7in de tercih edilen bir y\u00f6ntemdir.<\/p>\n","protected":false},"author":2,"featured_media":493,"parent":17,"menu_order":0,"comment_status":"closed","ping_status":"closed","template":"","meta":{"footnotes":""},"_links":{"self":[{"href":"https:\/\/www.estetikhouse.com\/ar\/wp-json\/wp\/v2\/pages\/345"}],"collection":[{"href":"https:\/\/www.estetikhouse.com\/ar\/wp-json\/wp\/v2\/pages"}],"about":[{"href":"https:\/\/www.estetikhouse.com\/ar\/wp-json\/wp\/v2\/types\/page"}],"author":[{"embeddable":true,"href":"https:\/\/www.estetikhouse.com\/ar\/wp-json\/wp\/v2\/users\/2"}],"replies":[{"embeddable":true,"href":"https:\/\/www.estetikhouse.com\/ar\/wp-json\/wp\/v2\/comments?post=345"}],"version-history":[{"count":4,"href":"https:\/\/www.estetikhouse.com\/ar\/wp-json\/wp\/v2\/pages\/345\/revisions"}],"predecessor-version":[{"id":349,"href":"https:\/\/www.estetikhouse.com\/ar\/wp-json\/wp\/v2\/pages\/345\/revisions\/349"}],"up":[{"embeddable":true,"href":"https:\/\/www.estetikhouse.com\/ar\/wp-json\/wp\/v2\/pages\/17"}],"wp:featuredmedia":[{"embeddable":true,"href":"https:\/\/www.estetikhouse.com\/ar\/wp-json\/wp\/v2\/media\/493"}],"wp:attachment":[{"href":"https:\/\/www.estetikhouse.com\/ar\/wp-json\/wp\/v2\/media?parent=345"}],"curies":[{"name":"wp","href":"https:\/\/api.w.org\/{rel}","templated":true}]}}