{"id":368,"date":"2017-05-15T15:24:45","date_gmt":"2017-05-15T12:24:45","guid":{"rendered":"http:\/\/kogital.com\/clients\/estetikhouse\/?page_id=368"},"modified":"2017-07-08T13:19:06","modified_gmt":"2017-07-08T10:19:06","slug":"orumcek-agi","status":"publish","type":"page","link":"https:\/\/www.estetikhouse.com\/ar\/uygulamalar\/medikal-estetik\/orumcek-agi\/","title":{"rendered":"\u00d6r\u00fcmcek A\u011f\u0131"},"content":{"rendered":"<p>T\u00fcm bu s\u00fcre\u00e7 \u00f6zellikle y\u00fcz b\u00f6lgesinde sadece \u00e7izgilerin olu\u015fmas\u0131na de\u011fil, ayn\u0131 zamanda yanaklar\u0131n ve g\u0131d\u0131\u011f\u0131n sarkmas\u0131na, y\u00fcz\u00fcn giderek ovalle\u015fmesine neden olur. Y\u00fcz\u00fcn\u00fczdeki de\u011fi\u015fimi eski resimlere bakarak \u00e7ok daha net bir \u015fekilde anlamaya ba\u015flars\u0131n\u0131z. Bu teknik i\u015fte bu noktada estetik cerrahiye alternatif, ameliyats\u0131z y\u00fcz gen\u00e7le\u015ftirme uygulamas\u0131 olarak cildinizdeki olas\u0131 sorunlar\u0131 \u00e7\u00f6z\u00fcmlemenize fayda sa\u011flar.<\/p>\n<p>Ameliyats\u0131z estetik tekniklerin en iyi uygulay\u0131c\u0131s\u0131 olan Op. Dr. B\u00fclent Cihantimur\u2019un bizzat geli\u015ftirmi\u015f oldu\u011fu bu Y\u00f6ntemi, isim ve patent hakk\u0131 kendisine ait olan bir tekniktir. Ameliyats\u0131z \u00d6r\u00fcmcek A\u011f\u0131 Esteti\u011fi ilham\u0131n\u0131, do\u011fan\u0131n i\u00e7inden, en g\u00fc\u00e7l\u00fc ve esnek yap\u0131ya sahip olan \u00f6r\u00fcmcek a\u011f\u0131n\u0131n muazzam \u015fekil, dayan\u0131kl\u0131l\u0131k ve \u00fcst\u00fcn mekanizmas\u0131ndan almaktad\u0131r. \u00d6r\u00fcmcek a\u011f\u0131 estetik a\u00e7\u0131s\u0131ndan son derece ilgi \u00e7eken \u015feklini, tesad\u00fcfen, geli\u015fi g\u00fczel olu\u015fturulmam\u0131\u015f organik yap\u0131s\u0131 incelendi\u011finde, kar\u015f\u0131m\u0131za insanl\u0131\u011fa fayda sa\u011flayacak baz\u0131 \u00f6zellikler g\u00f6r\u00fclm\u00fc\u015ft\u00fcr. Tekni\u011fin isim babas\u0131 olan Op. Dr. B\u00fclent Cihantimur, 2000\u2019li senelerden bu yana tekni\u011fin geli\u015ftirilmesi i\u00e7in ARGE \u00e7al\u0131\u015fmalar\u0131 yapm\u0131\u015f ve Estetik International cerrahi kliniklerinde uygulamaya ba\u015flam\u0131\u015ft\u0131r.<\/p>\n<h2>\u00d6r\u00fcmcek A\u011f\u0131 Esteti\u011finin Temel Prensibi<\/h2>\n<p>Bu\u00a0uygulamada, y\u0131llard\u0131r cerrahide kullan\u0131lan polidiaksanon ipler ve bu ipleri cilt alt\u0131na yerle\u015ftirmek i\u00e7in ince u\u00e7lu i\u011fneler kullan\u0131l\u0131r. V\u00fccuda hi\u00e7bir yan etkisi bulunmayan bu medikal ipler, ince u\u00e7lu i\u011fneler vas\u0131tas\u0131yla cilt alt dokusuna t\u0131pk\u0131 \u00f6r\u00fcmcek a\u011f\u0131 gibi i\u015flenir. Ameliyats\u0131z iple y\u00fcz germe uygulamas\u0131 olarak da s\u00f6yleyebilece\u011fimiz \u00f6r\u00fcmcek a\u011f\u0131 esteti\u011fi temelinde, azalan kolajenin yerine, bedenin tekrar kolajen \u00fcretmesine te\u015fvik edici bir mekanizma yatmaktad\u0131r. Sorunlu alana i\u015flenen ipler ayn\u0131 zamanda g\u00fc\u00e7l\u00fc bir lifting etkisi de sa\u011flar. V\u00fccut reaksiyon vererek, an\u0131nda biyolojik fibroplast, kolajen ve elastin \u00fcretmeye ba\u015flar. Bu sayede lifting etkisi \u00e7ifte katlanm\u0131\u015f olur. Cilt canlan\u0131r, toparlan\u0131r, gerilir. Bu teknik ile y\u00fcz germe i\u015flemi, di\u011fer iple y\u00fcz asma ya da iple y\u00fcz germe olarak ge\u00e7en uygulamalardan, i\u015fte bu noktada ayr\u0131lmaktad\u0131r. Etki, y\u00f6ntem ve i\u015fleyi\u015f mekanizmas\u0131 farkl\u0131d\u0131r.<\/p>\n<h2>\u00d6r\u00fcmcek A\u011f\u0131 Esteti\u011fi Neden \u00c7ok Tercih ediliyor?<\/h2>\n<p>Ameliyats\u0131z y\u00fcz gen\u00e7le\u015ftirme teknikleri i\u00e7erisinde en etkin sonu\u00e7lar\u0131n al\u0131nabildi\u011fi bu y\u00f6ntem, sosyal hayattan koparmayan, k\u0131sa s\u00fcrede uygulanan, \u015fi\u015flik, morluk gibi cerrahi i\u015flemlerin olas\u0131 komplikasyonlar\u0131na yol a\u00e7mayan, \u00e7a\u011fda\u015f bir uygulamad\u0131r. \u00d6r\u00fcmcek a\u011f\u0131 esteti\u011fi yapt\u0131ranlar tekni\u011fi en \u00e7ok \u201cbasit bir uygulamayla, cilt germe i\u015flemini ba\u015far\u0131yla yerine getirmesi\u201d sebebiyle tercih ettiklerini ve sosyal hayattan koparmadan, i\u015flem sonras\u0131 makyaj dahi yaparak klinikten ayr\u0131ld\u0131klar\u0131 i\u00e7in s\u0131cak bakt\u0131klar\u0131n\u0131 belirtiyorlar.<\/p>\n<p>\u00d6r\u00fcmcek a\u011f\u0131 esteti\u011fi uygulamas\u0131ndan hemen sonra canlanmaya ba\u015flayan cilt, cilt tipine, beslenme tarz\u0131na ve mevcut ya\u015fa ba\u011fl\u0131 olarak geli\u015fimini devam ettiriyor. \u00d6r\u00fcmcek a\u011f\u0131 esteti\u011fi as\u0131l etkisini 3. aydan ba\u015flayarak belli ediyor ve yine ki\u015finin hayat tarz\u0131na g\u00f6re ortalama 3 sene kadar etki mekanizmas\u0131n\u0131 koruyor. Tekrarlanabilir bir uygulama olmas\u0131 yine \u00f6r\u00fcmcek a\u011f\u0131 tekni\u011fi yapt\u0131ranlar\u0131n tercih sebepleri aras\u0131nda yer al\u0131yor. Ya\u015f\u0131n\u0131z\u0131 bir nevi uygulama yapt\u0131rd\u0131\u011f\u0131n\u0131z ya\u015fta donduruyorsunuz diyebiliriz. S\u00f6z gelimi 30 ya\u015f\u0131nda \u00f6r\u00fcmcek a\u011f\u0131 esteti\u011fi yapt\u0131rd\u0131ysan\u0131z, 35 ya\u015f\u0131n\u0131za geldi\u011finizde, hala 30 ya\u015f\u0131nda bir cilde sahip oluyorsunuz. Bu \u015fekilde tekrarlayarak yap\u0131lan uygulamalar, ya\u015fa ba\u011fl\u0131 olarak azalan kolajen \u00fcretimini uyar\u0131r ve ya\u015f\u0131n\u0131z\u0131 dondurman\u0131za fayda sa\u011flar.<\/p>\n","protected":false},"excerpt":{"rendered":"<p>\u00d6r\u00fcmcek a\u011f\u0131 esteti\u011fi ameliyats\u0131z y\u00fcz germe, canland\u0131rma ve form kazand\u0131rma i\u015flemidir. Yer \u00e7ekimine ve ilerleyen ya\u015fa ba\u011fl\u0131 olarak zaman i\u00e7inde olu\u015fan ince \u00e7izgiler, ayn\u0131 zamanda k\u00f6t\u00fc hava ko\u015fullar\u0131, sa\u011fl\u0131ks\u0131z beslenme ve s\u0131k kilo al\u0131p vermeye ba\u011fl\u0131 olarak, daha da derinle\u015fmeye ba\u015flar. <\/p>\n","protected":false},"author":2,"featured_media":669,"parent":359,"menu_order":0,"comment_status":"closed","ping_status":"closed","template":"","meta":{"footnotes":""},"_links":{"self":[{"href":"https:\/\/www.estetikhouse.com\/ar\/wp-json\/wp\/v2\/pages\/368"}],"collection":[{"href":"https:\/\/www.estetikhouse.com\/ar\/wp-json\/wp\/v2\/pages"}],"about":[{"href":"https:\/\/www.estetikhouse.com\/ar\/wp-json\/wp\/v2\/types\/page"}],"author":[{"embeddable":true,"href":"https:\/\/www.estetikhouse.com\/ar\/wp-json\/wp\/v2\/users\/2"}],"replies":[{"embeddable":true,"href":"https:\/\/www.estetikhouse.com\/ar\/wp-json\/wp\/v2\/comments?post=368"}],"version-history":[{"count":3,"href":"https:\/\/www.estetikhouse.com\/ar\/wp-json\/wp\/v2\/pages\/368\/revisions"}],"predecessor-version":[{"id":583,"href":"https:\/\/www.estetikhouse.com\/ar\/wp-json\/wp\/v2\/pages\/368\/revisions\/583"}],"up":[{"embeddable":true,"href":"https:\/\/www.estetikhouse.com\/ar\/wp-json\/wp\/v2\/pages\/359"}],"wp:featuredmedia":[{"embeddable":true,"href":"https:\/\/www.estetikhouse.com\/ar\/wp-json\/wp\/v2\/media\/669"}],"wp:attachment":[{"href":"https:\/\/www.estetikhouse.com\/ar\/wp-json\/wp\/v2\/media?parent=368"}],"curies":[{"name":"wp","href":"https:\/\/api.w.org\/{rel}","templated":true}]}}