{"id":414,"date":"2017-05-15T17:40:20","date_gmt":"2017-05-15T14:40:20","guid":{"rendered":"http:\/\/kogital.com\/clients\/estetikhouse\/?page_id=414"},"modified":"2017-07-08T12:58:34","modified_gmt":"2017-07-08T09:58:34","slug":"boyun-dekolte-bakimi","status":"publish","type":"page","link":"https:\/\/www.estetikhouse.com\/ar\/uygulamalar\/klinik-cilt-bakim\/boyun-dekolte-bakimi\/","title":{"rendered":"Boyun ve Dekolte Bak\u0131m\u0131"},"content":{"rendered":"<p>T\u0131pk\u0131 g\u00f6z \u00e7evresi gibi \u00e7ok daha \u00f6zel bir ilgi isteyen boyun ve dekolte b\u00f6lgesi i\u00e7in bu bak\u0131mla derin nem kazand\u0131rma, pr\u00fczleri giderme, cildin dokusunu g\u00fc\u00e7lendirme hedeflenir.<\/p>\n<p>45 dk<\/p>\n","protected":false},"excerpt":{"rendered":"<p>T\u0131pk\u0131 g\u00f6z \u00e7evresi gibi \u00e7ok daha \u00f6zel bir ilgi isteyen boyun ve dekolte b\u00f6lgesi i\u00e7in bu bak\u0131mla derin nem kazand\u0131rma, pr\u00fczleri giderme, cildin dokusunu g\u00fc\u00e7lendirme hedeflenir.<\/p>\n","protected":false},"author":2,"featured_media":642,"parent":23,"menu_order":0,"comment_status":"closed","ping_status":"closed","template":"","meta":{"footnotes":""},"_links":{"self":[{"href":"https:\/\/www.estetikhouse.com\/ar\/wp-json\/wp\/v2\/pages\/414"}],"collection":[{"href":"https:\/\/www.estetikhouse.com\/ar\/wp-json\/wp\/v2\/pages"}],"about":[{"href":"https:\/\/www.estetikhouse.com\/ar\/wp-json\/wp\/v2\/types\/page"}],"author":[{"embeddable":true,"href":"https:\/\/www.estetikhouse.com\/ar\/wp-json\/wp\/v2\/users\/2"}],"replies":[{"embeddable":true,"href":"https:\/\/www.estetikhouse.com\/ar\/wp-json\/wp\/v2\/comments?post=414"}],"version-history":[{"count":3,"href":"https:\/\/www.estetikhouse.com\/ar\/wp-json\/wp\/v2\/pages\/414\/revisions"}],"predecessor-version":[{"id":566,"href":"https:\/\/www.estetikhouse.com\/ar\/wp-json\/wp\/v2\/pages\/414\/revisions\/566"}],"up":[{"embeddable":true,"href":"https:\/\/www.estetikhouse.com\/ar\/wp-json\/wp\/v2\/pages\/23"}],"wp:featuredmedia":[{"embeddable":true,"href":"https:\/\/www.estetikhouse.com\/ar\/wp-json\/wp\/v2\/media\/642"}],"wp:attachment":[{"href":"https:\/\/www.estetikhouse.com\/ar\/wp-json\/wp\/v2\/media?parent=414"}],"curies":[{"name":"wp","href":"https:\/\/api.w.org\/{rel}","templated":true}]}}