{"id":416,"date":"2017-05-15T17:40:44","date_gmt":"2017-05-15T14:40:44","guid":{"rendered":"http:\/\/kogital.com\/clients\/estetikhouse\/?page_id=416"},"modified":"2017-06-06T18:44:40","modified_gmt":"2017-06-06T15:44:40","slug":"sirt-bakimi","status":"publish","type":"page","link":"https:\/\/www.estetikhouse.com\/ar\/uygulamalar\/klinik-cilt-bakim\/sirt-bakimi\/","title":{"rendered":"S\u0131rt Bak\u0131m\u0131"},"content":{"rendered":"<p>Ar\u0131nd\u0131nd\u0131r\u0131c\u0131 derin temizlik i\u015flemleri veya leke protokolleri ile t\u00fcm sorunlar dengelenir. S\u0131rt bak\u0131m\u0131 sonundaki s\u0131rt masaj\u0131 yava\u015f ve derin maniplasyonlar ile \u00a0omuz, boyun ve s\u0131rttaki gerginlikleri \u00e7\u00f6zer. S\u0131rt bak\u0131m\u0131 toplamda 60 dk s\u00fcren bir i\u015flemdir.<\/p>\n","protected":false},"excerpt":{"rendered":"<p>S\u0131rt b\u00f6lgesi,  t\u0131pk\u0131 y\u00fcz\u00fcm\u00fcz gibi siyah nokta, leke ve sivelce- akne problemi ya\u015fayabilir. Cilt bak\u0131mlar\u0131nda uygulanan  t\u00fcm i\u015flemler s\u0131rt b\u00f6lgesine de uygulanabilir.<\/p>\n","protected":false},"author":2,"featured_media":0,"parent":23,"menu_order":0,"comment_status":"closed","ping_status":"closed","template":"","meta":{"footnotes":""},"_links":{"self":[{"href":"https:\/\/www.estetikhouse.com\/ar\/wp-json\/wp\/v2\/pages\/416"}],"collection":[{"href":"https:\/\/www.estetikhouse.com\/ar\/wp-json\/wp\/v2\/pages"}],"about":[{"href":"https:\/\/www.estetikhouse.com\/ar\/wp-json\/wp\/v2\/types\/page"}],"author":[{"embeddable":true,"href":"https:\/\/www.estetikhouse.com\/ar\/wp-json\/wp\/v2\/users\/2"}],"replies":[{"embeddable":true,"href":"https:\/\/www.estetikhouse.com\/ar\/wp-json\/wp\/v2\/comments?post=416"}],"version-history":[{"count":3,"href":"https:\/\/www.estetikhouse.com\/ar\/wp-json\/wp\/v2\/pages\/416\/revisions"}],"predecessor-version":[{"id":477,"href":"https:\/\/www.estetikhouse.com\/ar\/wp-json\/wp\/v2\/pages\/416\/revisions\/477"}],"up":[{"embeddable":true,"href":"https:\/\/www.estetikhouse.com\/ar\/wp-json\/wp\/v2\/pages\/23"}],"wp:attachment":[{"href":"https:\/\/www.estetikhouse.com\/ar\/wp-json\/wp\/v2\/media?parent=416"}],"curies":[{"name":"wp","href":"https:\/\/api.w.org\/{rel}","templated":true}]}}