{"id":14,"date":"2017-03-30T17:18:00","date_gmt":"2017-03-30T14:18:00","guid":{"rendered":"http:\/\/kogital.com\/clients\/estetikhouse\/?page_id=14"},"modified":"2017-06-12T15:06:13","modified_gmt":"2017-06-12T12:06:13","slug":"kalici-makyaj","status":"publish","type":"page","link":"https:\/\/www.estetikhouse.com\/en\/uygulamalar\/kalici-makyaj\/","title":{"rendered":"Kal\u0131c\u0131 Makyaj"},"content":{"rendered":"<h3>Ka\u015f Kont\u00fcr :<\/h3>\n<p>Kal\u0131c\u0131 ka\u015f uygulamas\u0131 di\u011fer ismiyle Ka\u015f kont\u00fcr\u00fc, bozuk ka\u015f \u015fekli d\u00fczeltilebilir, d\u00fc\u015f\u00fck ka\u015flar kald\u0131r\u0131labilir, t\u0131bb\u0131 nedenler ile d\u00f6k\u00fclm\u00fc\u015f ka\u015flar\u0131n yerine yeni ka\u015f tasarlanabilir veya seyrek ka\u015flar\u0131n aralar\u0131 doldurulabilir.Tribal,K\u0131l tekni\u011fi ve microblading tekniklerinden uygun olan\u0131 yap\u0131l\u0131r.<\/p>\n<h3>Kal\u0131c\u0131 Dudak Makyaj\u0131 :<\/h3>\n<p>Dudak kont\u00fcr\u00fc uygulamas\u0131 ile hi\u00e7bir cerrahi operasyon veya dolgu olmadan, k\u00fc\u00e7\u00fck ve ince dudaklar daha b\u00fcy\u00fck ve dolgun yap\u0131labilir. B\u00fcy\u00fck ve dolgun dudaklar ise daha k\u00fc\u00e7\u00fck ve ince g\u00f6sterilebilir. Renksiz ve solgun dudaklar renklendirilerek daha canl\u0131 bir g\u00f6r\u00fcn\u00fcm kazanmas\u0131 sa\u011flan\u0131r. Dudakta renk bo\u015fluklar\u0131 ve yara izi varsa kamufle ederek dudaklar\u0131n normal g\u00f6r\u00fcnt\u00fcs\u00fcne gelmesine yard\u0131mc\u0131 olur. Kal\u0131c\u0131 Dudak Makyaj\u0131, dudak kalemi, ruj ya da dudak parlat\u0131c\u0131s\u0131n\u0131n g\u00fcnl\u00fck kullan\u0131m\u0131ndan do\u011fan zaman kayb\u0131n\u0131 azalt\u0131r.D\u0131\u015f \u00e7er\u00e7eve,g\u00f6lgelendirme ve genel renklendirme sekl\u0131nde uygulan\u0131r.<\/p>\n<h3>Kal\u0131c\u0131 Eyeliner :<\/h3>\n<p>Eyeliner uygulamas\u0131; b\u00fcy\u00fck g\u00f6zleri daha k\u00fc\u00e7\u00fck, biti\u015fik g\u00f6zleri daha ayr\u0131k g\u00f6stermek, k\u00fc\u00e7\u00fck g\u00f6zleri daha b\u00fcy\u00fck g\u00f6stermeye yard\u0131mc\u0131 olur. Kirpi\u011fi cans\u0131z olan kad\u0131nlarda veya k\u00fc\u00e7\u00fck g\u00f6zlere sahip olan ki\u015filerde yap\u0131lacak eyeliner kal\u0131c\u0131 makyaj uygulamas\u0131yla daha parlak ve daha anlaml\u0131 bak\u0131\u015flar kazanmak m\u00fcmk\u00fcn olur.<\/p>\n<h3>K\u0131l Tekni\u011fi :<\/h3>\n<p>K\u0131l tekni\u011fi ka\u015f rengi kopyalanarak bo\u015fluk ve seyrek olan k\u0131s\u0131mlar yo\u011funla\u015ft\u0131r\u0131l\u0131r<br \/>\n D\u00fc\u015f\u00fck olan ka\u015flar\u0131n u\u00e7 k\u0131sm\u0131 k\u0131l tekni\u011fi uygulamas\u0131 ile kald\u0131r\u0131labilir. Eksik olan t\u00fcm ka\u015f, k\u0131l tekni\u011fi ile do\u011fal g\u00f6r\u00fcn\u00fcmde yap\u0131land\u0131r\u0131labilir.<\/p>\n<h3>Microblading:<\/h3>\n<p>Japon tekni\u011fi ile yap\u0131lan ka\u015f \u00e7izme metodudur. Tek kullan\u0131ml\u0131k i\u011fnelerle do\u011fal ka\u015f k\u0131l\u0131na \u00f6zde\u015f k\u0131llar \u00e7izerek derinin \u00a0alt\u0131na boya enjekte edilir. Sonu\u00e7 \u00a0son derece do\u011fal ve ki\u015finin\u00a0ka\u015f k\u0131l\u0131ndan ay\u0131rt \u00a0edilemez.\u00a0Boyalar tamamen do\u011fal bitki k\u00f6klerinde var olan pigmentlerden \u00fcretilmektedir. Bunun sonu olarak da kimyasal madde i\u00e7ermez, lisansl\u0131d\u0131r.<\/p>\n","protected":false},"excerpt":{"rendered":"<p>\u201cmikro-pigment uygulamas\u0131\u201d steril ve ki\u015fiye \u00f6zel bir i\u011fne yard\u0131m\u0131yla do\u011fal ve mineral i\u00e7erikli boyalar\u0131n derinin alt\u0131na yerle\u015ftirilmesi i\u015flemidir Kullan\u0131lan pigmentler, bitkisel kaynakl\u0131 ve organik boyalar olup; yan etki beklenmemektedir. Y\u00fcz ve v\u00fccut kullan\u0131m\u0131 i\u00e7in tasarlanm\u0131\u015f olup, katk\u0131 ve koku maddesi i\u00e7ermez.<\/p>\n","protected":false},"author":1,"featured_media":595,"parent":8,"menu_order":6,"comment_status":"closed","ping_status":"closed","template":"","meta":{"footnotes":""},"_links":{"self":[{"href":"https:\/\/www.estetikhouse.com\/en\/wp-json\/wp\/v2\/pages\/14"}],"collection":[{"href":"https:\/\/www.estetikhouse.com\/en\/wp-json\/wp\/v2\/pages"}],"about":[{"href":"https:\/\/www.estetikhouse.com\/en\/wp-json\/wp\/v2\/types\/page"}],"author":[{"embeddable":true,"href":"https:\/\/www.estetikhouse.com\/en\/wp-json\/wp\/v2\/users\/1"}],"replies":[{"embeddable":true,"href":"https:\/\/www.estetikhouse.com\/en\/wp-json\/wp\/v2\/comments?post=14"}],"version-history":[{"count":5,"href":"https:\/\/www.estetikhouse.com\/en\/wp-json\/wp\/v2\/pages\/14\/revisions"}],"predecessor-version":[{"id":350,"href":"https:\/\/www.estetikhouse.com\/en\/wp-json\/wp\/v2\/pages\/14\/revisions\/350"}],"up":[{"embeddable":true,"href":"https:\/\/www.estetikhouse.com\/en\/wp-json\/wp\/v2\/pages\/8"}],"wp:featuredmedia":[{"embeddable":true,"href":"https:\/\/www.estetikhouse.com\/en\/wp-json\/wp\/v2\/media\/595"}],"wp:attachment":[{"href":"https:\/\/www.estetikhouse.com\/en\/wp-json\/wp\/v2\/media?parent=14"}],"curies":[{"name":"wp","href":"https:\/\/api.w.org\/{rel}","templated":true}]}}