{"id":339,"date":"2017-04-21T14:22:29","date_gmt":"2017-04-21T11:22:29","guid":{"rendered":"http:\/\/kogital.com\/clients\/estetikhouse\/?page_id=339"},"modified":"2017-07-08T12:57:54","modified_gmt":"2017-07-08T09:57:54","slug":"goz-cevresi-bakimi","status":"publish","type":"page","link":"https:\/\/www.estetikhouse.com\/en\/uygulamalar\/klinik-cilt-bakim\/goz-cevresi-bakimi\/","title":{"rendered":"G\u00f6z \u00c7evresi Bak\u0131m\u0131"},"content":{"rendered":"<p>Bunlarla ba\u015f etmek genellikle zordur ama nedenlerini ortaya \u00e7\u0131karabilirsek, hafifletilmesi veya tedavisi m\u00fcmk\u00fcn olabilir. En az\u0131ndan artmas\u0131 \u00f6nlenebilir. \u00d6te yandan baz\u0131 kozmetik \u00f6nlemlerle g\u00f6r\u00fcn\u00fcm\u00fc tamamen d\u00fczeltebiliriz.<\/p>\n<p>Bu lekelerin en yayg\u0131n nedeni; cildin zamanla incelmesi sonucunda k\u0131lcal damarlar\u0131n g\u00f6r\u00fcn\u00fcr hale gelmesidir. G\u00fcne\u015f \u0131\u015f\u0131nlar\u0131 bu sorunu adamak\u0131ll\u0131 artt\u0131r\u0131r. \u0130kinci bir neden; alerjiler veya y\u00fcksek ate\u015fle seyreden hastal\u0131klard\u0131r.<\/p>\n<p>Baz\u0131 g\u0131dalar, polen, toz, kedi t\u00fcy\u00fc kimilerinde \u00f6yle bir ka\u015f\u0131nt\u0131, hap\u015f\u0131rma ve g\u00f6z sulanmas\u0131na neden olur ki, bu ki\u015filer g\u00f6zlerini ovu\u015fturmadan yapamazlar. Sonu\u00e7 i\u00e7i k\u0131zaran, d\u0131\u015f\u0131 moraran g\u00f6zlerdir!<br \/>\n G\u00f6zalt\u0131ndaki mor hareler \u00e7o\u011funlukla kal\u0131tsald\u0131r. Genellikle \u00e7ok beyaz tenli ve g\u00f6z \u00e7ukuru derin olanlarda meydana gelir. Fizyolojik nedenler aras\u0131nda v\u00fccudun fazla su tutmas\u0131 veya su kayb\u0131, a\u015f\u0131r\u0131 tuz t\u00fcketimi, sigara i\u00e7mek, kalp hastal\u0131klar\u0131, b\u00f6brek ve karaci\u011fer hastal\u0131klar\u0131 birinci s\u0131rada yer al\u0131r. Tabii uykusuzluk, kans\u0131zl\u0131k ve demir eksikli\u011fi gibi sorunlar\u0131n t\u00fcm\u00fc, g\u00f6zalt\u0131ndaki lekelerle kendini ifade eder.<br \/>\n B\u00f6lgesel incelmede , obezite tedavilerinde , a\u011fr\u0131 tedavilerinde olduk\u00e7a ba\u015far\u0131l\u0131 bir cihazd\u0131r.<\/p>\n","protected":false},"excerpt":{"rendered":"<p>Baz\u0131 insanlar\u0131n g\u00f6zlerinin alt\u0131nda, sanki bir darbe g\u00f6rm\u00fc\u015f gibi mosmor bir hare olu\u015fur. Ki\u015fi aynaya bakt\u0131\u011f\u0131nda g\u00f6rd\u00fc\u011f\u00fc g\u00f6z alt\u0131 morluklar\u0131 y\u00fcz\u00fcnden kendini k\u00f6t\u00fc hissedebilir hatta bazen bu durum \u00f6yle etkili olur ki, \u00f6zg\u00fcven yitimine bile varabilir. Bu koyu g\u00f6lgeler kimi zaman gen\u00e7lere de u\u011frar.<\/p>\n","protected":false},"author":1,"featured_media":659,"parent":23,"menu_order":0,"comment_status":"closed","ping_status":"closed","template":"","meta":{"footnotes":""},"_links":{"self":[{"href":"https:\/\/www.estetikhouse.com\/en\/wp-json\/wp\/v2\/pages\/339"}],"collection":[{"href":"https:\/\/www.estetikhouse.com\/en\/wp-json\/wp\/v2\/pages"}],"about":[{"href":"https:\/\/www.estetikhouse.com\/en\/wp-json\/wp\/v2\/types\/page"}],"author":[{"embeddable":true,"href":"https:\/\/www.estetikhouse.com\/en\/wp-json\/wp\/v2\/users\/1"}],"replies":[{"embeddable":true,"href":"https:\/\/www.estetikhouse.com\/en\/wp-json\/wp\/v2\/comments?post=339"}],"version-history":[{"count":3,"href":"https:\/\/www.estetikhouse.com\/en\/wp-json\/wp\/v2\/pages\/339\/revisions"}],"predecessor-version":[{"id":403,"href":"https:\/\/www.estetikhouse.com\/en\/wp-json\/wp\/v2\/pages\/339\/revisions\/403"}],"up":[{"embeddable":true,"href":"https:\/\/www.estetikhouse.com\/en\/wp-json\/wp\/v2\/pages\/23"}],"wp:featuredmedia":[{"embeddable":true,"href":"https:\/\/www.estetikhouse.com\/en\/wp-json\/wp\/v2\/media\/659"}],"wp:attachment":[{"href":"https:\/\/www.estetikhouse.com\/en\/wp-json\/wp\/v2\/media?parent=339"}],"curies":[{"name":"wp","href":"https:\/\/api.w.org\/{rel}","templated":true}]}}