{"id":396,"date":"2017-05-15T16:16:20","date_gmt":"2017-05-15T13:16:20","guid":{"rendered":"http:\/\/kogital.com\/clients\/estetikhouse\/?page_id=396"},"modified":"2017-07-08T12:57:16","modified_gmt":"2017-07-08T09:57:16","slug":"igneli-epilasyon","status":"publish","type":"page","link":"https:\/\/www.estetikhouse.com\/en\/uygulamalar\/lazer-epilasyon\/igneli-epilasyon\/","title":{"rendered":"\u0130\u011fneli Epilasyon"},"content":{"rendered":"<p>\u0130\u011fneli Epilasyon uygulamas\u0131\u00a0k\u0131l k\u00f6klerinin yap\u0131s\u0131 ve bu yap\u0131ya uygun olan kal\u0131nl\u0131ktaki yumu\u015fak i\u011fneler arac\u0131l\u0131\u011f\u0131 ile yap\u0131lmaktad\u0131r.<\/p>\n<p>Sonu\u00e7 al\u0131namayan lazer epilasyon uygulamalar\u0131nda, t\u00fcy rengi ay\u0131rt edilmeksizin i\u011fneli epilasyon ile ba\u015far\u0131 sa\u011flanabilmektedir. Seans say\u0131s\u0131 ki\u015finin k\u0131l yap\u0131s\u0131 ve yo\u011funlu\u011funa g\u00f6re farkl\u0131l\u0131k g\u00f6stermektedir.<\/p>\n<p>\u0130\u011fneli epilasyonda kullan\u0131lan i\u011fneler ki\u015fiye \u00f6zel kullan\u0131lmaktad\u0131r.<\/p>\n","protected":false},"excerpt":{"rendered":"<p>\u0130\u011fneli epilasyon, k\u0131l k\u00f6klerinin \u00e7ok zay\u0131f bir elektrik ak\u0131m\u0131 ile yok edilmesi i\u015flemine dayanan ve uzun y\u0131llardan beri kullan\u0131lmakta olan bir epilasyon y\u00f6ntemidir.<\/p>\n","protected":false},"author":2,"featured_media":660,"parent":25,"menu_order":0,"comment_status":"closed","ping_status":"closed","template":"","meta":{"footnotes":""},"_links":{"self":[{"href":"https:\/\/www.estetikhouse.com\/en\/wp-json\/wp\/v2\/pages\/396"}],"collection":[{"href":"https:\/\/www.estetikhouse.com\/en\/wp-json\/wp\/v2\/pages"}],"about":[{"href":"https:\/\/www.estetikhouse.com\/en\/wp-json\/wp\/v2\/types\/page"}],"author":[{"embeddable":true,"href":"https:\/\/www.estetikhouse.com\/en\/wp-json\/wp\/v2\/users\/2"}],"replies":[{"embeddable":true,"href":"https:\/\/www.estetikhouse.com\/en\/wp-json\/wp\/v2\/comments?post=396"}],"version-history":[{"count":3,"href":"https:\/\/www.estetikhouse.com\/en\/wp-json\/wp\/v2\/pages\/396\/revisions"}],"predecessor-version":[{"id":446,"href":"https:\/\/www.estetikhouse.com\/en\/wp-json\/wp\/v2\/pages\/396\/revisions\/446"}],"up":[{"embeddable":true,"href":"https:\/\/www.estetikhouse.com\/en\/wp-json\/wp\/v2\/pages\/25"}],"wp:featuredmedia":[{"embeddable":true,"href":"https:\/\/www.estetikhouse.com\/en\/wp-json\/wp\/v2\/media\/660"}],"wp:attachment":[{"href":"https:\/\/www.estetikhouse.com\/en\/wp-json\/wp\/v2\/media?parent=396"}],"curies":[{"name":"wp","href":"https:\/\/api.w.org\/{rel}","templated":true}]}}