{"id":410,"date":"2017-05-15T17:35:34","date_gmt":"2017-05-15T14:35:34","guid":{"rendered":"http:\/\/kogital.com\/clients\/estetikhouse\/?page_id=410"},"modified":"2017-07-08T13:19:39","modified_gmt":"2017-07-08T10:19:39","slug":"lifting-bakimi","status":"publish","type":"page","link":"https:\/\/www.estetikhouse.com\/en\/uygulamalar\/medikal-estetik\/lifting-bakimi\/","title":{"rendered":"Lifting Bak\u0131m\u0131"},"content":{"rendered":"<p>Lifting bak\u0131m\u0131 cildin kaybetti\u011fi pek \u00e7ok de\u011feri yerine koyarak eksilenleri gidermek ad\u0131na form\u00fcle edilmi\u015ftir.<\/p>\n<ul>\n<li>\u0130fade \u00e7izgilerini siler<\/li>\n<li>K\u0131r\u0131\u015f\u0131kl\u0131klar\u0131 doldurur<\/li>\n<li>Cilt y\u00fczeyini p\u00fcr\u00fczs\u00fczle\u015ftirir<\/li>\n<li>Cildin yo\u011funlu\u011funu g\u00fc\u00e7lendirerek kalitesini artt\u0131r\u0131r<\/li>\n<li>Y\u00fcz ovalini d\u00fczelterek toparlanmas\u0131na yard\u0131mc\u0131 olur<\/li>\n<\/ul>\n<p>60 dk<\/p>\n","protected":false},"excerpt":{"rendered":"<p>Bu bak\u0131m cildin kaybetti\u011fi pek \u00e7ok de\u011feri yerine koyarak eksilenleri gidermek ad\u0131na form\u00fcle edilmi\u015ftir.<\/p>\n","protected":false},"author":2,"featured_media":657,"parent":359,"menu_order":0,"comment_status":"closed","ping_status":"closed","template":"","meta":{"footnotes":""},"_links":{"self":[{"href":"https:\/\/www.estetikhouse.com\/en\/wp-json\/wp\/v2\/pages\/410"}],"collection":[{"href":"https:\/\/www.estetikhouse.com\/en\/wp-json\/wp\/v2\/pages"}],"about":[{"href":"https:\/\/www.estetikhouse.com\/en\/wp-json\/wp\/v2\/types\/page"}],"author":[{"embeddable":true,"href":"https:\/\/www.estetikhouse.com\/en\/wp-json\/wp\/v2\/users\/2"}],"replies":[{"embeddable":true,"href":"https:\/\/www.estetikhouse.com\/en\/wp-json\/wp\/v2\/comments?post=410"}],"version-history":[{"count":3,"href":"https:\/\/www.estetikhouse.com\/en\/wp-json\/wp\/v2\/pages\/410\/revisions"}],"predecessor-version":[{"id":575,"href":"https:\/\/www.estetikhouse.com\/en\/wp-json\/wp\/v2\/pages\/410\/revisions\/575"}],"up":[{"embeddable":true,"href":"https:\/\/www.estetikhouse.com\/en\/wp-json\/wp\/v2\/pages\/359"}],"wp:featuredmedia":[{"embeddable":true,"href":"https:\/\/www.estetikhouse.com\/en\/wp-json\/wp\/v2\/media\/657"}],"wp:attachment":[{"href":"https:\/\/www.estetikhouse.com\/en\/wp-json\/wp\/v2\/media?parent=410"}],"curies":[{"name":"wp","href":"https:\/\/api.w.org\/{rel}","templated":true}]}}