{"id":6,"date":"2017-03-30T17:16:56","date_gmt":"2017-03-30T14:16:56","guid":{"rendered":"http:\/\/kogital.com\/clients\/estetikhouse\/?page_id=6"},"modified":"2018-08-03T16:43:10","modified_gmt":"2018-08-03T13:43:10","slug":"hakkimizda","status":"publish","type":"page","link":"https:\/\/www.estetikhouse.com\/en\/hakkimizda\/","title":{"rendered":"Hakk\u0131m\u0131zda"},"content":{"rendered":"<p>Estetik House olarak, mezun olan t\u00fcm \u00f6\u011frencilerine kendi b\u00fcnyesinde veya Franchise \u015fubelerinde i\u015f bulma imkan\u0131 da sunmaktad\u0131r.<\/p>\n<p>Mesleki deneyimlerimiz ve e\u011fitimlerimiz ile siz de\u011ferli misafirlerimizin estetik, g\u00fczellik ve sa\u011fl\u0131k sekt\u00f6r\u00fcnde yeni nesil bir anlay\u0131\u015f geli\u015ftirerek memnuniyet ve mutlulu\u011funu garanti ediyoruz.<\/p>\n<p>Bilimsel dayana\u011f\u0131 olan, sonu\u00e7lar\u0131 uluslararas\u0131 ba\u011f\u0131ms\u0131z kurulu\u015flarca onaylanm\u0131\u015f cihazlar\u0131m\u0131z ile kendi bilgi ve tecr\u00fcbelerimizi de kombine ederek g\u00fcvenli ve sonu\u00e7 odakl\u0131 hizmet veriyoruz.<\/p>\n<p>Ba\u015fta sa\u011fl\u0131\u011f\u0131n\u0131z olmak \u00fczere g\u00fczelli\u011finizin sizin i\u00e7in ne kadar \u00f6nemli oldu\u011funu \u00e7ok iyi biliyor ve bu bilin\u00e7le sizlere \u00e7\u00f6z\u00fcmler \u00f6neriyoruz.<\/p>\n<p>\nAlan\u0131m\u0131zdaki uluslararas\u0131 bilimsel ve teknolojik \u00e7al\u0131\u015fmalar\u0131 yak\u0131ndan takip ediyor, ayn\u0131 zamanda ekibimizin geli\u015fimini de bu paralelde durmaks\u0131z\u0131n s\u00fcrd\u00fcr\u00fcyoruz. Cerrahi i\u015flemler d\u0131\u015f\u0131nda \u00e7\u00f6z\u00fcm arayan ki\u015filer i\u00e7in geli\u015fen teknolojinin sunmu\u015f oldu\u011fu non-invaziv teknikleri g\u00fcncel olarak en \u00fcst seviyede uyguluyoruz.<\/p>\n<p>Anl\u0131k de\u011fil, kal\u0131c\u0131 ve ger\u00e7ek sonu\u00e7lar\u0131, m\u00fc\u015fterilerimize\u00a0sunma hedefimiz,\u00a0mutlu m\u00fc\u015fterilerden olu\u015fan bir referans havuzu olu\u015fturmam\u0131z\u0131n en \u00f6nemli par\u00e7as\u0131d\u0131r.<\/p>\n<p>Uzun y\u0131llard\u0131r esteti\u011finiz ve g\u00fczelli\u011finiz i\u00e7in ba\u015fvurdu\u011funuz bir kurum olarak, bundan sonra da sizlere bilgi ve donan\u0131m\u0131m\u0131z\u0131 yenileyerek hizmet vermeye devam edece\u011fiz.<\/p>\n","protected":false},"excerpt":{"rendered":"<p>G\u00fczelli\u011finizi geli\u015ftirirken do\u011fall\u0131\u011f\u0131n\u0131z\u0131\u00a0 korumak en b\u00fcy\u00fck amac\u0131m\u0131z.<\/p>\n<p>Pendik ve Ata\u015fehir\u2019de bulunan 2 \u015fubemizle sizlere en do\u011fru hizmeti verebilmek i\u00e7in Estetik House olarak, teknolojide uluslararas\u0131 standartlar\u0131 ve mesleki prensipleri ilke edindik. Bir di\u011fer ilkemiz; her zaman yenilik\u00e7i, farkl\u0131 ve ki\u015fiye \u00f6zel \u00e7\u00f6z\u00fcmler sunmakt\u0131r.<\/p>\n","protected":false},"author":1,"featured_media":590,"parent":0,"menu_order":0,"comment_status":"closed","ping_status":"closed","template":"","meta":{"footnotes":""},"_links":{"self":[{"href":"https:\/\/www.estetikhouse.com\/en\/wp-json\/wp\/v2\/pages\/6"}],"collection":[{"href":"https:\/\/www.estetikhouse.com\/en\/wp-json\/wp\/v2\/pages"}],"about":[{"href":"https:\/\/www.estetikhouse.com\/en\/wp-json\/wp\/v2\/types\/page"}],"author":[{"embeddable":true,"href":"https:\/\/www.estetikhouse.com\/en\/wp-json\/wp\/v2\/users\/1"}],"replies":[{"embeddable":true,"href":"https:\/\/www.estetikhouse.com\/en\/wp-json\/wp\/v2\/comments?post=6"}],"version-history":[{"count":7,"href":"https:\/\/www.estetikhouse.com\/en\/wp-json\/wp\/v2\/pages\/6\/revisions"}],"predecessor-version":[{"id":714,"href":"https:\/\/www.estetikhouse.com\/en\/wp-json\/wp\/v2\/pages\/6\/revisions\/714"}],"wp:featuredmedia":[{"embeddable":true,"href":"https:\/\/www.estetikhouse.com\/en\/wp-json\/wp\/v2\/media\/590"}],"wp:attachment":[{"href":"https:\/\/www.estetikhouse.com\/en\/wp-json\/wp\/v2\/media?parent=6"}],"curies":[{"name":"wp","href":"https:\/\/api.w.org\/{rel}","templated":true}]}}