{"id":88,"date":"2017-04-04T12:42:53","date_gmt":"2017-04-04T09:42:53","guid":{"rendered":"http:\/\/kogital.com\/clients\/estetikhouse\/?page_id=88"},"modified":"2017-06-09T16:50:31","modified_gmt":"2017-06-09T13:50:31","slug":"kavitasyon","status":"publish","type":"page","link":"https:\/\/www.estetikhouse.com\/en\/uygulamalar\/bolgese-incelme\/kavitasyon\/","title":{"rendered":"Kavitasyon"},"content":{"rendered":"<h2>Kavitasyon<\/h2>\n<p>Kavitasyon cilde uygulanan ultrason yay\u0131l\u0131r ve ya\u011f dokusundaki h\u00fccre s\u0131v\u0131s\u0131nda ani ve y\u00fcksek bas\u0131n\u00e7 de\u011fi\u015fikliklerine neden olarak ; k\u00f6p\u00fcklenme, geni\u015fleme, patlama yaratarak kavitasyon etkisini olu\u015fturur.<br \/>\n Bu etki ya\u011f\u0131 s\u0131v\u0131la\u015ft\u0131r\u0131p h\u00fccrelerin duvarlar\u0131n\u0131 tahrip ederek depolanm\u0131\u015f ya\u011flar\u0131n yap\u0131s\u0131n\u0131 bozar.<br \/>\n Dokudaki ya\u011f h\u00fccreleri ve a\u00e7\u0131\u011fa \u00e7\u0131kan ya\u011f asitleri par\u00e7alan\u0131r, adalelerde yak\u0131larak ya da \u00fcriner sistem ve karaci\u011fer yoluyla v\u00fccuttan d\u0131\u015far\u0131 at\u0131l\u0131rlar.<br \/>\n Yerle\u015fmi\u015f b\u00f6lgesel ya\u011flar\u0131 eritir,<br \/>\n Sel\u00fclitli b\u00f6lgelerin g\u00f6r\u00fcn\u00fcm\u00fcn\u00fc azalt\u0131r,<br \/>\n Cildi s\u0131k\u0131la\u015ft\u0131r\u0131r<\/p>\n<h2>Uygulama ve sonu\u00e7<\/h2>\n<p>Uygulamadan bir g\u00fcn \u00f6nce ve sonraki g\u00fcn en az 2.5 litre su i\u00e7ilmesi gerekiyor. Bu, eritilmi\u015f olan ya\u011flar\u0131n v\u00fccuttan at\u0131lmas\u0131 i\u00e7in mutlaka uyulmas\u0131 gereken bir kural.<br \/>\n Tedavi s\u00fcreci ya\u011fl\u0131l\u0131k oran\u0131na g\u00f6re ki\u015fiden ki\u015fiye fark g\u00f6sterebilece\u011fi gibi, 1.hafta 3 uygulama \u00fcst \u00fcste yap\u0131larak 1.5 ila 3 kg. zay\u0131flama garantisi sa\u011flamaktad\u0131r.<br \/>\n Uygulama daha sonraki s\u00fcre\u00e7te haftada 1-2 seans uygulan\u0131r. Zay\u0131flama bu do\u011frultuda devam ederek istenilen forma veya kiloya ula\u015f\u0131l\u0131ncaya kadar devam eder.<br \/>\n Uygulaman\u0131n a\u011fr\u0131 ve ac\u0131 verme durumu s\u00f6z konusu mu?<\/p>\n<p>Ultrakavitasyon g\u00fcvenli ve ac\u0131s\u0131z bir ultrason uygulamas\u0131d\u0131r.<\/p>\n<p>Cerrahi i\u015flem gerektirmez.<br \/>\n Uygulama s\u0131ras\u0131nda ve sonras\u0131nda birka\u00e7 saat kadar s\u00fcren hafif bir \u0131s\u0131 hissedilebilir.<br \/>\n Kavitasyon Uygulanan B\u00f6lgeler:<\/p>\n<p>\u00bb Kar\u0131n<\/p>\n<p>\u00bb Bel \u00e7evresi<\/p>\n<p>\u00bb Basen<\/p>\n<p>\u00bb Kollar<\/p>\n<p>\u00bb Bacaklar<\/p>\n<p>\u00bb Ayak bilekleri<\/p>\n<p>\u00bb G\u0131d\u0131<\/p>\n<p>\u00bb S\u0131rt<\/p>\n<p>Yap\u0131lmamas\u0131 Gereken Durumlar:<\/p>\n<p>\u00bb Hamileler<\/p>\n<p>\u00bb Yara izi \u00fczerine,<\/p>\n<p>\u00bb Keloid yaras\u0131 ge\u00e7irmi\u015f olanlara,<\/p>\n<p>\u00bb K\u0131r\u0131lgan ciltlere<\/p>\n<p>\u00bb T\u00fcm\u00f6r\u00fc olan hastalara,<\/p>\n<p>\u00bb Cilt hastal\u0131klar\u0131 olanlara,<\/p>\n<p>\u00bb Y\u00fcksek ve d\u00fc\u015f\u00fck tansiyon hastalar\u0131na<\/p>\n","protected":false},"excerpt":{"rendered":"<p>B\u00f6lgesel ya\u011flanma ve sel\u00fcliti ultrason yard\u0131m\u0131yla tedavi eden, cerrahi olmayan bir y\u00f6ntemdir.<\/p>\n","protected":false},"author":2,"featured_media":534,"parent":17,"menu_order":0,"comment_status":"closed","ping_status":"closed","template":"","meta":{"footnotes":""},"_links":{"self":[{"href":"https:\/\/www.estetikhouse.com\/en\/wp-json\/wp\/v2\/pages\/88"}],"collection":[{"href":"https:\/\/www.estetikhouse.com\/en\/wp-json\/wp\/v2\/pages"}],"about":[{"href":"https:\/\/www.estetikhouse.com\/en\/wp-json\/wp\/v2\/types\/page"}],"author":[{"embeddable":true,"href":"https:\/\/www.estetikhouse.com\/en\/wp-json\/wp\/v2\/users\/2"}],"replies":[{"embeddable":true,"href":"https:\/\/www.estetikhouse.com\/en\/wp-json\/wp\/v2\/comments?post=88"}],"version-history":[{"count":2,"href":"https:\/\/www.estetikhouse.com\/en\/wp-json\/wp\/v2\/pages\/88\/revisions"}],"predecessor-version":[{"id":559,"href":"https:\/\/www.estetikhouse.com\/en\/wp-json\/wp\/v2\/pages\/88\/revisions\/559"}],"up":[{"embeddable":true,"href":"https:\/\/www.estetikhouse.com\/en\/wp-json\/wp\/v2\/pages\/17"}],"wp:featuredmedia":[{"embeddable":true,"href":"https:\/\/www.estetikhouse.com\/en\/wp-json\/wp\/v2\/media\/534"}],"wp:attachment":[{"href":"https:\/\/www.estetikhouse.com\/en\/wp-json\/wp\/v2\/media?parent=88"}],"curies":[{"name":"wp","href":"https:\/\/api.w.org\/{rel}","templated":true}]}}