{"id":94,"date":"2017-04-04T14:49:55","date_gmt":"2017-04-04T11:49:55","guid":{"rendered":"http:\/\/kogital.com\/clients\/estetikhouse\/?page_id=94"},"modified":"2017-06-09T16:52:40","modified_gmt":"2017-06-09T13:52:40","slug":"pasif-jimnastik","status":"publish","type":"page","link":"https:\/\/www.estetikhouse.com\/en\/uygulamalar\/bolgese-incelme\/pasif-jimnastik\/","title":{"rendered":"Pasif Jimnastik"},"content":{"rendered":"<p>Vakum terapinin lenf drenaj\u0131n\u0131 artt\u0131r\u0131c\u0131 etkisiyle o b\u00f6lgeden ya\u011flar uzakla\u015ft\u0131r\u0131l\u0131r. Seanslar haftada 2-3 yap\u0131l\u0131r. 15-20 seans genellikle yeterli olur. Elektroterapi ile dokunun tonusu artt\u0131r\u0131l\u0131r ve kont\u00fcr d\u00fczenlenmesi sa\u011flan\u0131r.Seanslar haftada 2-3 yap\u0131l\u0131r. 15-20 seans genellikle yeterli olur.<\/p>\n","protected":false},"excerpt":{"rendered":"<p>\u00c7al\u0131\u015fma prensibi olarak Vakumterapi ve elektroterapi i\u00e7ermektedir. <\/p>\n","protected":false},"author":2,"featured_media":512,"parent":17,"menu_order":0,"comment_status":"closed","ping_status":"closed","template":"","meta":{"footnotes":""},"_links":{"self":[{"href":"https:\/\/www.estetikhouse.com\/en\/wp-json\/wp\/v2\/pages\/94"}],"collection":[{"href":"https:\/\/www.estetikhouse.com\/en\/wp-json\/wp\/v2\/pages"}],"about":[{"href":"https:\/\/www.estetikhouse.com\/en\/wp-json\/wp\/v2\/types\/page"}],"author":[{"embeddable":true,"href":"https:\/\/www.estetikhouse.com\/en\/wp-json\/wp\/v2\/users\/2"}],"replies":[{"embeddable":true,"href":"https:\/\/www.estetikhouse.com\/en\/wp-json\/wp\/v2\/comments?post=94"}],"version-history":[{"count":2,"href":"https:\/\/www.estetikhouse.com\/en\/wp-json\/wp\/v2\/pages\/94\/revisions"}],"predecessor-version":[{"id":337,"href":"https:\/\/www.estetikhouse.com\/en\/wp-json\/wp\/v2\/pages\/94\/revisions\/337"}],"up":[{"embeddable":true,"href":"https:\/\/www.estetikhouse.com\/en\/wp-json\/wp\/v2\/pages\/17"}],"wp:featuredmedia":[{"embeddable":true,"href":"https:\/\/www.estetikhouse.com\/en\/wp-json\/wp\/v2\/media\/512"}],"wp:attachment":[{"href":"https:\/\/www.estetikhouse.com\/en\/wp-json\/wp\/v2\/media?parent=94"}],"curies":[{"name":"wp","href":"https:\/\/api.w.org\/{rel}","templated":true}]}}