{"id":95,"date":"2017-04-04T13:01:29","date_gmt":"2017-04-04T10:01:29","guid":{"rendered":"http:\/\/kogital.com\/clients\/estetikhouse\/?page_id=95"},"modified":"2017-07-08T13:10:55","modified_gmt":"2017-07-08T10:10:55","slug":"medikal-cilt-bakim","status":"publish","type":"page","link":"https:\/\/www.estetikhouse.com\/en\/uygulamalar\/klinik-cilt-bakim\/medikal-cilt-bakim\/","title":{"rendered":"Medikal Cilt Bak\u0131m"},"content":{"rendered":"<h2>Klasik Cilt Bak\u0131m<\/h2>\n<p>Ki\u015finin Cilt tipine uygun olarak yap\u0131lan bak\u0131m \u015feklidir. Cildin canlanmas\u0131n\u0131, temizlenmesini ve tazelik kazanmas\u0131n\u0131 sa\u011flar. Bu bak\u0131m; temizleme, buhar ve iyile\u015ftirici maske i\u00e7ermektedir. Yakla\u015f\u0131k 1- 1.5 saat s\u00fcrer. Dermokozmetik \u00fcr\u00fcnler kullan\u0131larak i\u015flem sa\u011flan\u0131r.<\/p>\n<h2>Oksijen Bak\u0131m\u0131<\/h2>\n<p>Kuru ve hassas ciltlerde ,c\u0131lt yap\u0131s\u0131na uygun \u00fcr\u00fcnlerle\u00a0 k\u0131lcal damarlar\u0131n geni\u015flemesini engelleyerek, cilde parlakl\u0131k, nem, PH ve denge sa\u011flayan bir bak\u0131m t\u00fcr\u00fcd\u00fcr.<\/p>\n<h2>Akne Tedavisi<\/h2>\n<p>Akne olu\u015fumlar\u0131 hormonlarla alakal\u0131 bir durumdur. Dolay\u0131s\u0131yla sadece ergenlik \u00e7a\u011f\u0131ndaki gen\u00e7lerde de\u011fil ilerleyen ya\u015flarda da hormonal dengesizlik ya\u015fayan pek \u00e7ok ki\u015fide ortaya \u00e7\u0131kabilmektedir. Akneler\u0131n temizlenmesi sa\u011flanarak, cildin tekrar dengesini kazanmas\u0131,lezyonlar\u0131n kurutulmas\u0131 ve akne olu\u015fumunun engellenmesi i\u00e7in yap\u0131lan bir tedavi \u015feklidir.<\/p>\n<p>\u0130ste\u011finiz \u00fczerine \u00fccretsiz cilt analizi yapt\u0131rabilir.Uzman kadromuz taraf\u0131ndan gerekl\u0131 tedaviye y\u00f6nlendirilirsiniz.<\/p>\n<p>&nbsp;<\/p>\n","protected":false},"excerpt":{"rendered":"<p>Cildimizin \u00f6zel ihtiya\u00e7lar\u0131n\u0131 kar\u015f\u0131lamak \u00fczere ki\u015fiselle\u015ftirilmi\u015f y\u00f6ntemler sunan medikal cilt bak\u0131m\u0131, cildimizi canland\u0131rarak derinden temizlenmesine ve tazelenmesine yard\u0131mc\u0131 olur.<\/p>\n","protected":false},"author":2,"featured_media":647,"parent":23,"menu_order":0,"comment_status":"closed","ping_status":"closed","template":"","meta":{"footnotes":""},"_links":{"self":[{"href":"https:\/\/www.estetikhouse.com\/en\/wp-json\/wp\/v2\/pages\/95"}],"collection":[{"href":"https:\/\/www.estetikhouse.com\/en\/wp-json\/wp\/v2\/pages"}],"about":[{"href":"https:\/\/www.estetikhouse.com\/en\/wp-json\/wp\/v2\/types\/page"}],"author":[{"embeddable":true,"href":"https:\/\/www.estetikhouse.com\/en\/wp-json\/wp\/v2\/users\/2"}],"replies":[{"embeddable":true,"href":"https:\/\/www.estetikhouse.com\/en\/wp-json\/wp\/v2\/comments?post=95"}],"version-history":[{"count":2,"href":"https:\/\/www.estetikhouse.com\/en\/wp-json\/wp\/v2\/pages\/95\/revisions"}],"predecessor-version":[{"id":573,"href":"https:\/\/www.estetikhouse.com\/en\/wp-json\/wp\/v2\/pages\/95\/revisions\/573"}],"up":[{"embeddable":true,"href":"https:\/\/www.estetikhouse.com\/en\/wp-json\/wp\/v2\/pages\/23"}],"wp:featuredmedia":[{"embeddable":true,"href":"https:\/\/www.estetikhouse.com\/en\/wp-json\/wp\/v2\/media\/647"}],"wp:attachment":[{"href":"https:\/\/www.estetikhouse.com\/en\/wp-json\/wp\/v2\/media?parent=95"}],"curies":[{"name":"wp","href":"https:\/\/api.w.org\/{rel}","templated":true}]}}