{"id":97,"date":"2017-04-04T13:05:01","date_gmt":"2017-04-04T10:05:01","guid":{"rendered":"http:\/\/kogital.com\/clients\/estetikhouse\/?page_id=97"},"modified":"2017-05-15T15:22:54","modified_gmt":"2017-05-15T12:22:54","slug":"somon-dna","status":"publish","type":"page","link":"https:\/\/www.estetikhouse.com\/en\/uygulamalar\/medikal-estetik\/somon-dna\/","title":{"rendered":"Somon DNA"},"content":{"rendered":"<p>Hem insan DNA\u2019s\u0131na benzerli\u011fi hem de bu \u00f6zelli\u011finden dolay\u0131, cilt yenilenmesi, tazelenmesi ve anti-aging etkisi i\u00e7in somon bal\u0131klar\u0131ndan yararlan\u0131lmaktad\u0131r. Uygulama kriteri olarak ya\u015f\u0131n \u00f6nemli olmad\u0131\u011f\u0131 y\u00f6ntem, 20 ya\u015f\u0131ndaki bir gence de uygulanabilir. Y\u00f6ntemin uygulanabilmesi i\u00e7in 3 boyutlu cilt alt\u0131 analiz cihaz\u0131 ile analiz yap\u0131lmas\u0131 gerekir. Analizde al\u0131nan verilerin incelenmesi ile ki\u015finin bu y\u00f6nteme ihtiyac\u0131 olup olmad\u0131\u011f\u0131 ya da ne kadar s\u00fcre ile nas\u0131l uygulama yap\u0131laca\u011f\u0131na karar verilir.<\/p>\n<p><strong>Somon DNA\u00a0<\/strong>s\u0131 tedavisi, bilimsel iki a\u015fama olarak uygulan\u0131r. Bu a\u015famalardan ilki olan nemlendirme i\u015fleminde, hyaluronik asit tedavisi ile cildin kaybetti\u011fi nem dengesinin d\u00fczene girmesi sa\u011flan\u0131r ve as\u0131l tedavi i\u00e7in cildin alt yap\u0131s\u0131 haz\u0131rlan\u0131r. Yakla\u015f\u0131k 2 hafta s\u00fcren bu a\u015famada ard\u0131ndan as\u0131l gen\u00e7le\u015fmeyi sa\u011flayan ikinci a\u015famaya ge\u00e7ilir. Bu a\u015famada somon bal\u0131klar\u0131n\u0131n s\u00fct\u00fcnden elde edilen bir serumun deri alt\u0131na enjekte edilmesi uygulan\u0131r. Bu uygulama ile birlikte cildin ihtiya\u00e7 duydu\u011fu ancak ya\u015flanma, a\u015f\u0131r\u0131 UV \u0131\u015f\u0131nlar\u0131, sigara alkol gibi olumsuz etkenlerden dolay\u0131 sa\u011flanamayan proteinler tamamlan\u0131r. Bu proteinlerin tamamlanmas\u0131 sonucunda ciltte g\u00fcn ge\u00e7tik\u00e7e gen\u00e7le\u015fme meydana gelir. Cilt ya\u015flanmas\u0131n\u0131 durduran ve ya\u015flanan cildin gen\u00e7le\u015fmesini sa\u011flayan bu y\u00f6ntem ile art\u0131k ya\u015fl\u0131l\u0131k kavram\u0131 tarihe kar\u0131\u015facak diyebiliriz.<br \/>\nSa\u011fl\u0131ks\u0131z ya\u015fam tarz\u0131, sigara duman\u0131, g\u00fcne\u015f \u0131\u015f\u0131nlar\u0131 ve ya\u015fl\u0131l\u0131\u011fa ba\u011fl\u0131 olarak g\u00f6z \u00e7evresi, dudak \u00e7izgisi, al\u0131n b\u00f6lgesinde olu\u015fan k\u0131r\u0131\u015f\u0131kl\u0131klar\u0131n, cildin nem dengesinin bozulmas\u0131 ve yer \u00e7ekimine yenik d\u00fc\u015fmesi sonucu olu\u015fan sarkmalar\u0131n engellenip d\u00fczeltilmesi i\u00e7in deri alt\u0131na mezoterapi y\u00f6ntemi ile verilen somon DNA\u2019s\u0131 olumsuz fakt\u00f6r etkilerini yok edip cildin canl\u0131l\u0131\u011f\u0131n\u0131 kazanmas\u0131n\u0131 sa\u011flar. Canlanan ve tazelenen cilt ki\u015filerde daha gen\u00e7 bir g\u00f6r\u00fcn\u00fcme neden olur. En etkili anti-aging uygulamalar\u0131ndan olan bu y\u00f6ntem, cilde farkl\u0131 bir nemlilik katt\u0131\u011f\u0131 i\u00e7in etkisi daha uzun s\u00fcre devam eder. Bunlar\u0131n yan\u0131nda h\u0131zl\u0131 kilo al\u0131p verme sonucu olu\u015fan v\u00fccut \u00e7atlaklar\u0131n\u0131n \u00e7\u00f6z\u00fcm\u00fcnde de somon DNA tedavisi kullan\u0131labilir. \u00d6zellikle hamilelik boyunca ve sonras\u0131nda olu\u015fan de\u011fi\u015fik b\u00f6lgelerdeki \u00e7\u00f6kme sonucu olu\u015fan \u00e7atlaklar\u0131n giderilmesinde etkili olan y\u00f6ntem, bayanlar\u0131n \u00e7atlak tedavisinde de bir numaral\u0131 tercihleri aras\u0131nda yer al\u0131r.<br \/>\nBu cilt gen\u00e7le\u015ftirme y\u00f6nteminde bazen sadece somon bal\u0131\u011f\u0131 s\u00fct\u00fc kullan\u0131l\u0131rken bazen de cildin ihtiyac\u0131na g\u00f6re de\u011fi\u015fik vitamin takviyeleri de yap\u0131labilir. Cildin ihtiyac\u0131 olan t\u00fcm protein ve vitaminlerin takviyesini sa\u011flayan somon DNA tedavisi, cildin do\u011fal olarak onaran bir y\u00f6ntemdir.<\/p>\n<h2>Somon DNA Gen\u00e7lik A\u015f\u0131s\u0131 Uygulamalar\u0131<\/h2>\n<p>Cerrahi m\u00fcdahale olmad\u0131\u011f\u0131 i\u00e7in anesteziye de gerek duyulmayan i\u015flemde ki\u015filer hemen g\u00fcnl\u00fck hayatlar\u0131na d\u00f6nebilirler. Mezoterapi y\u00f6ntemi ile cilde enjekte edilen somon bal\u0131\u011f\u0131 s\u00fct\u00fc, do\u011fal bir serum oldu\u011fu i\u00e7in hi\u00e7 bir alerjik reaksiyona neden olmaz. Uygulama s\u0131ras\u0131nda ki\u015filer sadece enjekte i\u011fnesinin ac\u0131s\u0131n\u0131 hissedeler ki \u00e7o\u011fu zaman bunun bile fark\u0131na varmazlar. Somon DNA tedavisi bu y\u00f6n\u00fc ile en a\u011fr\u0131s\u0131z cilt gen\u00e7le\u015ftirme y\u00f6ntemlerinden biridir. Uygulama sonras\u0131nda ki\u015filerde sadece i\u011fne delik b\u00f6lgelerinde \u00e7ok hafif k\u0131zar\u0131kl\u0131klar olabilir. Bu k\u0131zar\u0131kl\u0131klar k\u0131sa s\u00fcrede yok olup sanki cilde hi\u00e7 bir \u015fey uygulanmam\u0131\u015f gibi bir g\u00f6r\u00fcnt\u00fc olu\u015fur.<\/p>\n<h2>Somon DNA Gen\u00e7lik A\u015f\u0131s\u0131 Tedavisi Kimlere Uygulanmaz?<\/h2>\n<p><strong>Somon DNA gen\u00e7lik a\u015f\u0131s\u0131<\/strong><span class=\"Apple-converted-space\">\u00a0<\/span>tedavisi alerjik reaksiyonlara yol a\u00e7mad\u0131\u011f\u0131 i\u00e7in geni\u015f bir alanda kullan\u0131labilir. Ancak yine de tedbir ama\u00e7l\u0131 baz\u0131 ki\u015filerde uygulanmamas\u0131 gerekir. Somon DNA tedavisi;<br \/>\n-Hamilelerde,<br \/>\n-Kanser durumunda,<br \/>\n-Kontrol alt\u0131na al\u0131namayan \u015feker hastal\u0131\u011f\u0131nda,<br \/>\n-Fel\u00e7 ge\u00e7irme riski olanlarda,<br \/>\n-Kan p\u0131ht\u0131la\u015fma sorunu olanlarda,<br \/>\n-\u00c7oklu ila\u00e7 tedavisi gerektiren kalp rahats\u0131zl\u0131\u011f\u0131 olan ki\u015filerde uygulanmamal\u0131d\u0131r.<\/p>\n<p>Bu ki\u015filerin v\u00fccutlar\u0131nda olu\u015fan hassasiyetten \u00f6t\u00fcr\u00fc mezoterapi yap\u0131lmamas\u0131 gerekir. Somon DNA tedavisi de mezoterapi ile cildin katmanlar\u0131na verildi\u011fi i\u00e7in uygulama yap\u0131lamaz. Bu rahats\u0131zl\u0131klar\u0131 oldu\u011fu halde somon DNA tedavisi yapt\u0131rmak isteyen ki\u015filerin nadir de olsa uzman doktorlar\u0131n izni ile tedavi edilmesi s\u00f6z konusu olabilir.<\/p>\n","protected":false},"excerpt":{"rendered":"<p>Somon DNA Gen\u00e7lik A\u015f\u0131s\u0131, ya\u015flanma ve ya\u015flanmaya ba\u011fl\u0131 ciltte olu\u015fan de\u011fi\u015fiklikler \u00fczerine yap\u0131lan \u00e7al\u0131\u015fmalarda bu de\u011fi\u015fimlerin temel nedenlerinin ciltte azalan proteinler oldu\u011fu ortaya \u00e7\u0131km\u0131\u015ft\u0131r. Yine yap\u0131lan bilimsel ara\u015ft\u0131rmalara g\u00f6re ciltte eksilen proteinleri tamamlayabilen en iyi kayna\u011f\u0131n somon bal\u0131\u011f\u0131 DNA\u2019s\u0131 oldu\u011fu kan\u0131tlanm\u0131\u015ft\u0131r. <\/p>\n","protected":false},"author":2,"featured_media":0,"parent":359,"menu_order":4,"comment_status":"closed","ping_status":"closed","template":"","meta":{"footnotes":""},"_links":{"self":[{"href":"https:\/\/www.estetikhouse.com\/en\/wp-json\/wp\/v2\/pages\/97"}],"collection":[{"href":"https:\/\/www.estetikhouse.com\/en\/wp-json\/wp\/v2\/pages"}],"about":[{"href":"https:\/\/www.estetikhouse.com\/en\/wp-json\/wp\/v2\/types\/page"}],"author":[{"embeddable":true,"href":"https:\/\/www.estetikhouse.com\/en\/wp-json\/wp\/v2\/users\/2"}],"replies":[{"embeddable":true,"href":"https:\/\/www.estetikhouse.com\/en\/wp-json\/wp\/v2\/comments?post=97"}],"version-history":[{"count":1,"href":"https:\/\/www.estetikhouse.com\/en\/wp-json\/wp\/v2\/pages\/97\/revisions"}],"predecessor-version":[{"id":98,"href":"https:\/\/www.estetikhouse.com\/en\/wp-json\/wp\/v2\/pages\/97\/revisions\/98"}],"up":[{"embeddable":true,"href":"https:\/\/www.estetikhouse.com\/en\/wp-json\/wp\/v2\/pages\/359"}],"wp:attachment":[{"href":"https:\/\/www.estetikhouse.com\/en\/wp-json\/wp\/v2\/media?parent=97"}],"curies":[{"name":"wp","href":"https:\/\/api.w.org\/{rel}","templated":true}]}}